{"id":4503,"date":"2023-11-28T14:43:12","date_gmt":"2023-11-28T14:43:12","guid":{"rendered":"https:\/\/cambionet.usts.fr\/digital-library\/"},"modified":"2024-02-13T09:18:57","modified_gmt":"2024-02-13T09:18:57","slug":"digital-library","status":"publish","type":"page","link":"https:\/\/cambionet.usts.fr\/en\/digital-library\/","title":{"rendered":"Digital Library"},"content":{"rendered":"\t\t<div data-elementor-type=\"wp-page\" data-elementor-id=\"4503\" class=\"elementor elementor-4503 elementor-2503\" data-elementor-post-type=\"page\">\n\t\t\t\t<div class=\"elementor-element elementor-element-e9fcf52 e-flex e-con-boxed e-con e-parent\" data-id=\"e9fcf52\" data-element_type=\"container\" data-e-type=\"container\" data-settings=\"{&quot;background_background&quot;:&quot;classic&quot;}\">\n\t\t\t\t\t<div class=\"e-con-inner\">\n\t\t\t\t<div class=\"elementor-element elementor-element-31f6a3b5 elementor-widget elementor-widget-heading\" data-id=\"31f6a3b5\" data-element_type=\"widget\" data-e-type=\"widget\" data-widget_type=\"heading.default\">\n\t\t\t\t<div class=\"elementor-widget-container\">\n\t\t\t\t\t<h2 class=\"elementor-heading-title elementor-size-default\">Digital Library<\/h2>\t\t\t\t<\/div>\n\t\t\t\t<\/div>\n\t\t\t\t<div class=\"elementor-element elementor-element-56d7df47 elementor-widget__width-initial elementor-widget-mobile__width-initial elementor-widget elementor-widget-text-editor\" data-id=\"56d7df47\" data-element_type=\"widget\" data-e-type=\"widget\" data-widget_type=\"text-editor.default\">\n\t\t\t\t<div class=\"elementor-widget-container\">\n\t\t\t\t\t\t\t\t\t<p>Informations about CambioNet&#8217;s Digital Library<\/p>\n\t\t\t\t\t\t\t\t<\/div>\n\t\t\t\t<\/div>\n\t\t\t\t\t<\/div>\n\t\t\t\t<\/div>\n\t\t<div class=\"elementor-element elementor-element-6804e4f e-flex e-con-boxed e-con e-parent\" data-id=\"6804e4f\" data-element_type=\"container\" data-e-type=\"container\">\n\t\t\t\t\t<div class=\"e-con-inner\">\n\t\t\t\t<div class=\"elementor-element elementor-element-69f5494 elementor-widget elementor-widget-text-editor\" data-id=\"69f5494\" data-element_type=\"widget\" data-e-type=\"widget\" data-widget_type=\"text-editor.default\">\n\t\t\t\t<div class=\"elementor-widget-container\">\n\t\t\t\t\t\t\t\t\t<p><a href=\"https:\/\/cambionet.usts.fr\/en\/\"><span style=\"color: #1c1c1c;\">Home<\/span><\/a> &gt; P\u00f4le strat\u00e9gique et op\u00e9rationnel &gt; <span style=\"color: #009e3d;\">Digital Library<br \/><\/span><\/p>\n\t\t\t\t\t\t\t\t<\/div>\n\t\t\t\t<\/div>\n\t\t\t\t\t<\/div>\n\t\t\t\t<\/div>\n\t\t<div class=\"elementor-element elementor-element-744f5a0 e-flex e-con-boxed e-con e-parent\" data-id=\"744f5a0\" data-element_type=\"container\" data-e-type=\"container\">\n\t\t\t\t\t<div class=\"e-con-inner\">\n\t\t\t\t<div class=\"elementor-element elementor-element-1cb1c7e elementor-widget elementor-widget-text-editor\" data-id=\"1cb1c7e\" data-element_type=\"widget\" data-e-type=\"widget\" data-widget_type=\"text-editor.default\">\n\t\t\t\t<div class=\"elementor-widget-container\">\n\t\t\t\t\t\t\t\t\t<h2><strong>DIGITAL LIBRARY<br \/><\/strong><\/h2>\n\t\t\t\t\t\t\t\t<\/div>\n\t\t\t\t<\/div>\n\t\t\t\t<div class=\"elementor-element elementor-element-7b1e1ee elementor-align-left elementor-widget elementor-widget-lottie\" data-id=\"7b1e1ee\" data-element_type=\"widget\" data-e-type=\"widget\" data-settings=\"{&quot;source_json&quot;:{&quot;url&quot;:&quot;https:\\\/\\\/cambionet.usts.fr\\\/wp-content\\\/uploads\\\/2023\\\/11\\\/Animation-17010769019372.json&quot;,&quot;id&quot;:1900,&quot;size&quot;:&quot;&quot;,&quot;alt&quot;:&quot;&quot;,&quot;source&quot;:&quot;library&quot;},&quot;lazyload&quot;:&quot;yes&quot;,&quot;loop&quot;:&quot;yes&quot;,&quot;source&quot;:&quot;media_file&quot;,&quot;caption_source&quot;:&quot;none&quot;,&quot;link_to&quot;:&quot;none&quot;,&quot;trigger&quot;:&quot;arriving_to_viewport&quot;,&quot;viewport&quot;:{&quot;unit&quot;:&quot;%&quot;,&quot;size&quot;:&quot;&quot;,&quot;sizes&quot;:{&quot;start&quot;:0,&quot;end&quot;:100}},&quot;play_speed&quot;:{&quot;unit&quot;:&quot;px&quot;,&quot;size&quot;:1,&quot;sizes&quot;:[]},&quot;start_point&quot;:{&quot;unit&quot;:&quot;%&quot;,&quot;size&quot;:0,&quot;sizes&quot;:[]},&quot;end_point&quot;:{&quot;unit&quot;:&quot;%&quot;,&quot;size&quot;:100,&quot;sizes&quot;:[]},&quot;renderer&quot;:&quot;svg&quot;}\" data-widget_type=\"lottie.default\">\n\t\t\t\t<div class=\"elementor-widget-container\">\n\t\t\t\t\t<div class=\"e-lottie__container\"><div class=\"e-lottie__animation\"><\/div><\/div>\t\t\t\t<\/div>\n\t\t\t\t<\/div>\n\t\t\t\t\t<\/div>\n\t\t\t\t<\/div>\n\t\t\t\t<\/div>\n\t\t","protected":false},"excerpt":{"rendered":"<p>Digital Library Informations about CambioNet&#8217;s Digital Library Home &gt; P\u00f4le strat\u00e9gique et op\u00e9rationnel &gt; Digital Library DIGITAL LIBRARY<\/p>\n","protected":false},"author":6,"featured_media":0,"parent":0,"menu_order":0,"comment_status":"closed","ping_status":"closed","template":"","meta":{"footnotes":""},"class_list":["post-4503","page","type-page","status-publish","hentry"],"yoast_head":"<!-- This site is optimized with the Yoast SEO plugin v27.5 - https:\/\/yoast.com\/product\/yoast-seo-wordpress\/ -->\n<title>Digital Library - Cambionet<\/title>\n<meta name=\"description\" content=\"Digital library project.\" \/>\n<meta name=\"robots\" content=\"noindex, follow, max-snippet:-1, max-image-preview:large, max-video-preview:-1\" \/>\n<meta property=\"og:locale\" content=\"en_US\" \/>\n<meta property=\"og:type\" content=\"article\" \/>\n<meta property=\"og:title\" content=\"Digital Library - Cambionet\" \/>\n<meta property=\"og:description\" content=\"Digital library project.\" \/>\n<meta property=\"og:url\" content=\"https:\/\/cambionet.usts.fr\/en\/digital-library\/\" \/>\n<meta property=\"og:site_name\" content=\"Cambionet\" \/>\n<meta property=\"article:modified_time\" content=\"2024-02-13T09:18:57+00:00\" \/>\n<meta name=\"twitter:card\" content=\"summary_large_image\" \/>\n<script type=\"application\/ld+json\" class=\"yoast-schema-graph\">{\"@context\":\"https:\\\/\\\/schema.org\",\"@graph\":[{\"@type\":\"WebPage\",\"@id\":\"https:\\\/\\\/cambionet.usts.fr\\\/en\\\/digital-library\\\/\",\"url\":\"https:\\\/\\\/cambionet.usts.fr\\\/en\\\/digital-library\\\/\",\"name\":\"Digital Library - Cambionet\",\"isPartOf\":{\"@id\":\"https:\\\/\\\/cambionet.usts.fr\\\/en\\\/#website\"},\"datePublished\":\"2023-11-28T14:43:12+00:00\",\"dateModified\":\"2024-02-13T09:18:57+00:00\",\"description\":\"Digital library project.\",\"breadcrumb\":{\"@id\":\"https:\\\/\\\/cambionet.usts.fr\\\/en\\\/digital-library\\\/#breadcrumb\"},\"inLanguage\":\"en-US\",\"potentialAction\":[{\"@type\":\"ReadAction\",\"target\":[\"https:\\\/\\\/cambionet.usts.fr\\\/en\\\/digital-library\\\/\"]}]},{\"@type\":\"BreadcrumbList\",\"@id\":\"https:\\\/\\\/cambionet.usts.fr\\\/en\\\/digital-library\\\/#breadcrumb\",\"itemListElement\":[{\"@type\":\"ListItem\",\"position\":1,\"name\":\"Home\",\"item\":\"https:\\\/\\\/cambionet.usts.fr\\\/en\\\/home-cambionet\\\/\"},{\"@type\":\"ListItem\",\"position\":2,\"name\":\"Digital Library\"}]},{\"@type\":\"WebSite\",\"@id\":\"https:\\\/\\\/cambionet.usts.fr\\\/en\\\/#website\",\"url\":\"https:\\\/\\\/cambionet.usts.fr\\\/en\\\/\",\"name\":\"Cambionet\",\"description\":\"\",\"publisher\":{\"@id\":\"https:\\\/\\\/cambionet.usts.fr\\\/en\\\/#organization\"},\"potentialAction\":[{\"@type\":\"SearchAction\",\"target\":{\"@type\":\"EntryPoint\",\"urlTemplate\":\"https:\\\/\\\/cambionet.usts.fr\\\/en\\\/?s={search_term_string}\"},\"query-input\":{\"@type\":\"PropertyValueSpecification\",\"valueRequired\":true,\"valueName\":\"search_term_string\"}}],\"inLanguage\":\"en-US\"},{\"@type\":\"Organization\",\"@id\":\"https:\\\/\\\/cambionet.usts.fr\\\/en\\\/#organization\",\"name\":\"Cambionet\",\"url\":\"https:\\\/\\\/cambionet.usts.fr\\\/en\\\/\",\"logo\":{\"@type\":\"ImageObject\",\"inLanguage\":\"en-US\",\"@id\":\"https:\\\/\\\/cambionet.usts.fr\\\/en\\\/#\\\/schema\\\/logo\\\/image\\\/\",\"url\":\"https:\\\/\\\/cambionet.usts.fr\\\/wp-content\\\/uploads\\\/2023\\\/10\\\/combi_aligne__fond_blanc_-removebg-preview.png\",\"contentUrl\":\"https:\\\/\\\/cambionet.usts.fr\\\/wp-content\\\/uploads\\\/2023\\\/10\\\/combi_aligne__fond_blanc_-removebg-preview.png\",\"width\":1043,\"height\":210,\"caption\":\"Cambionet\"},\"image\":{\"@id\":\"https:\\\/\\\/cambionet.usts.fr\\\/en\\\/#\\\/schema\\\/logo\\\/image\\\/\"}}]}<\/script>\n<!-- \/ Yoast SEO plugin. -->","yoast_head_json":{"title":"Digital Library - Cambionet","description":"Digital library project.","robots":{"index":"noindex","follow":"follow","max-snippet":"max-snippet:-1","max-image-preview":"max-image-preview:large","max-video-preview":"max-video-preview:-1"},"og_locale":"en_US","og_type":"article","og_title":"Digital Library - Cambionet","og_description":"Digital library project.","og_url":"https:\/\/cambionet.usts.fr\/en\/digital-library\/","og_site_name":"Cambionet","article_modified_time":"2024-02-13T09:18:57+00:00","twitter_card":"summary_large_image","schema":{"@context":"https:\/\/schema.org","@graph":[{"@type":"WebPage","@id":"https:\/\/cambionet.usts.fr\/en\/digital-library\/","url":"https:\/\/cambionet.usts.fr\/en\/digital-library\/","name":"Digital Library - Cambionet","isPartOf":{"@id":"https:\/\/cambionet.usts.fr\/en\/#website"},"datePublished":"2023-11-28T14:43:12+00:00","dateModified":"2024-02-13T09:18:57+00:00","description":"Digital library project.","breadcrumb":{"@id":"https:\/\/cambionet.usts.fr\/en\/digital-library\/#breadcrumb"},"inLanguage":"en-US","potentialAction":[{"@type":"ReadAction","target":["https:\/\/cambionet.usts.fr\/en\/digital-library\/"]}]},{"@type":"BreadcrumbList","@id":"https:\/\/cambionet.usts.fr\/en\/digital-library\/#breadcrumb","itemListElement":[{"@type":"ListItem","position":1,"name":"Home","item":"https:\/\/cambionet.usts.fr\/en\/home-cambionet\/"},{"@type":"ListItem","position":2,"name":"Digital Library"}]},{"@type":"WebSite","@id":"https:\/\/cambionet.usts.fr\/en\/#website","url":"https:\/\/cambionet.usts.fr\/en\/","name":"Cambionet","description":"","publisher":{"@id":"https:\/\/cambionet.usts.fr\/en\/#organization"},"potentialAction":[{"@type":"SearchAction","target":{"@type":"EntryPoint","urlTemplate":"https:\/\/cambionet.usts.fr\/en\/?s={search_term_string}"},"query-input":{"@type":"PropertyValueSpecification","valueRequired":true,"valueName":"search_term_string"}}],"inLanguage":"en-US"},{"@type":"Organization","@id":"https:\/\/cambionet.usts.fr\/en\/#organization","name":"Cambionet","url":"https:\/\/cambionet.usts.fr\/en\/","logo":{"@type":"ImageObject","inLanguage":"en-US","@id":"https:\/\/cambionet.usts.fr\/en\/#\/schema\/logo\/image\/","url":"https:\/\/cambionet.usts.fr\/wp-content\/uploads\/2023\/10\/combi_aligne__fond_blanc_-removebg-preview.png","contentUrl":"https:\/\/cambionet.usts.fr\/wp-content\/uploads\/2023\/10\/combi_aligne__fond_blanc_-removebg-preview.png","width":1043,"height":210,"caption":"Cambionet"},"image":{"@id":"https:\/\/cambionet.usts.fr\/en\/#\/schema\/logo\/image\/"}}]}},"rttpg_featured_image_url":null,"rttpg_author":{"display_name":"Anais Ramalho","author_link":"https:\/\/cambionet.usts.fr\/en\/author\/anais-r\/"},"rttpg_comment":0,"rttpg_category":" <a href=\"https:\/\/cambionet.usts.fr\/en\/?taxonomy=translation_priority&#038;term=optional\" rel=\"tag\">Optional<\/a>","rttpg_excerpt":"Digital Library Informations about CambioNet&#8217;s Digital Library Home &gt; P\u00f4le strat\u00e9gique et op\u00e9rationnel &gt; Digital Library DIGITAL LIBRARY","_links":{"self":[{"href":"https:\/\/cambionet.usts.fr\/en\/wp-json\/wp\/v2\/pages\/4503","targetHints":{"allow":["GET"]}}],"collection":[{"href":"https:\/\/cambionet.usts.fr\/en\/wp-json\/wp\/v2\/pages"}],"about":[{"href":"https:\/\/cambionet.usts.fr\/en\/wp-json\/wp\/v2\/types\/page"}],"author":[{"embeddable":true,"href":"https:\/\/cambionet.usts.fr\/en\/wp-json\/wp\/v2\/users\/6"}],"replies":[{"embeddable":true,"href":"https:\/\/cambionet.usts.fr\/en\/wp-json\/wp\/v2\/comments?post=4503"}],"version-history":[{"count":1,"href":"https:\/\/cambionet.usts.fr\/en\/wp-json\/wp\/v2\/pages\/4503\/revisions"}],"predecessor-version":[{"id":4504,"href":"https:\/\/cambionet.usts.fr\/en\/wp-json\/wp\/v2\/pages\/4503\/revisions\/4504"}],"wp:attachment":[{"href":"https:\/\/cambionet.usts.fr\/en\/wp-json\/wp\/v2\/media?parent=4503"}],"curies":[{"name":"wp","href":"https:\/\/api.w.org\/{rel}","templated":true}]}}