{"id":4658,"date":"2023-11-16T16:38:05","date_gmt":"2023-11-16T16:38:05","guid":{"rendered":"https:\/\/cambionet.usts.fr\/intervenciones\/workshop-02\/"},"modified":"2024-02-17T16:41:30","modified_gmt":"2024-02-17T16:41:30","slug":"workshop-02","status":"publish","type":"page","link":"https:\/\/cambionet.usts.fr\/es\/intervenciones\/workshop-02\/","title":{"rendered":"Workshop #02"},"content":{"rendered":"\t\t<div data-elementor-type=\"wp-page\" data-elementor-id=\"4658\" class=\"elementor elementor-4658 elementor-585\" data-elementor-post-type=\"page\">\n\t\t\t\t<div class=\"elementor-element elementor-element-20aa18b e-flex e-con-boxed e-con e-parent\" data-id=\"20aa18b\" data-element_type=\"container\" data-e-type=\"container\" data-settings=\"{&quot;background_background&quot;:&quot;classic&quot;}\">\n\t\t\t\t\t<div class=\"e-con-inner\">\n\t\t\t\t<div class=\"elementor-element elementor-element-5d4d676 elementor-widget elementor-widget-spacer\" data-id=\"5d4d676\" data-element_type=\"widget\" data-e-type=\"widget\" data-widget_type=\"spacer.default\">\n\t\t\t\t<div class=\"elementor-widget-container\">\n\t\t\t\t\t\t\t<div class=\"elementor-spacer\">\n\t\t\t<div class=\"elementor-spacer-inner\"><\/div>\n\t\t<\/div>\n\t\t\t\t\t\t<\/div>\n\t\t\t\t<\/div>\n\t\t\t\t<div class=\"elementor-element elementor-element-6cc6f92 elementor-widget elementor-widget-heading\" data-id=\"6cc6f92\" data-element_type=\"widget\" data-e-type=\"widget\" data-widget_type=\"heading.default\">\n\t\t\t\t<div class=\"elementor-widget-container\">\n\t\t\t\t\t<h2 class=\"elementor-heading-title elementor-size-default\">WORKSHOP #02<\/h2>\t\t\t\t<\/div>\n\t\t\t\t<\/div>\n\t\t\t\t<div class=\"elementor-element elementor-element-9903f84 elementor-widget elementor-widget-spacer\" data-id=\"9903f84\" data-element_type=\"widget\" data-e-type=\"widget\" data-widget_type=\"spacer.default\">\n\t\t\t\t<div class=\"elementor-widget-container\">\n\t\t\t\t\t\t\t<div class=\"elementor-spacer\">\n\t\t\t<div class=\"elementor-spacer-inner\"><\/div>\n\t\t<\/div>\n\t\t\t\t\t\t<\/div>\n\t\t\t\t<\/div>\n\t\t\t\t\t<\/div>\n\t\t\t\t<\/div>\n\t\t<div class=\"elementor-element elementor-element-576b097 e-flex e-con-boxed e-con e-parent\" data-id=\"576b097\" data-element_type=\"container\" data-e-type=\"container\" data-settings=\"{&quot;background_background&quot;:&quot;classic&quot;}\">\n\t\t\t\t\t<div class=\"e-con-inner\">\n\t\t<div class=\"elementor-element elementor-element-13c2850 e-flex e-con-boxed e-con e-child\" data-id=\"13c2850\" data-element_type=\"container\" data-e-type=\"container\">\n\t\t\t\t\t<div class=\"e-con-inner\">\n\t\t\t\t<div class=\"elementor-element elementor-element-18b38c2 elementor-widget__width-initial elementor-widget-mobile__width-initial elementor-widget elementor-widget-text-editor\" data-id=\"18b38c2\" data-element_type=\"widget\" data-e-type=\"widget\" data-widget_type=\"text-editor.default\">\n\t\t\t\t<div class=\"elementor-widget-container\">\n\t\t\t\t\t\t\t\t\t<p><span style=\"color: #1c1c1c;\"><a style=\"color: #1c1c1c;\" href=\"https:\/\/cambionet.usts.fr\/es\/\">Pagina Principal<\/a> &gt; Innovaci\u00f3n &gt; <span style=\"color: #009e3d;\">Workshops<\/span><br \/><\/span><\/p>\n\t\t\t\t\t\t\t\t<\/div>\n\t\t\t\t<\/div>\n\t\t\t\t\t<\/div>\n\t\t\t\t<\/div>\n\t\t<div class=\"elementor-element elementor-element-fade7d2 e-flex e-con-boxed e-con e-child\" data-id=\"fade7d2\" data-element_type=\"container\" data-e-type=\"container\">\n\t\t\t\t\t<div class=\"e-con-inner\">\n\t\t\t\t<div class=\"elementor-element elementor-element-143f913 elementor-widget elementor-widget-image\" data-id=\"143f913\" data-element_type=\"widget\" data-e-type=\"widget\" data-widget_type=\"image.default\">\n\t\t\t\t<div class=\"elementor-widget-container\">\n\t\t\t\t\t\t\t\t\t\t\t\t\t\t\t<img fetchpriority=\"high\" decoding=\"async\" width=\"800\" height=\"381\" src=\"https:\/\/cambionet.usts.fr\/wp-content\/uploads\/2023\/11\/rencontre-economie-et-biodiversite-guyane-cambionet-1.png\" class=\"attachment-large size-large wp-image-1096\" alt=\"rencontre economie et biodiversit\u00e9 guyane cambionet\" srcset=\"https:\/\/cambionet.usts.fr\/wp-content\/uploads\/2023\/11\/rencontre-economie-et-biodiversite-guyane-cambionet-1.png 998w, https:\/\/cambionet.usts.fr\/wp-content\/uploads\/2023\/11\/rencontre-economie-et-biodiversite-guyane-cambionet-1-300x143.png 300w, https:\/\/cambionet.usts.fr\/wp-content\/uploads\/2023\/11\/rencontre-economie-et-biodiversite-guyane-cambionet-1-768x366.png 768w\" sizes=\"(max-width: 800px) 100vw, 800px\" \/>\t\t\t\t\t\t\t\t\t\t\t\t\t\t\t<\/div>\n\t\t\t\t<\/div>\n\t\t\t\t<div class=\"elementor-element elementor-element-c8e278a elementor-widget elementor-widget-text-editor\" data-id=\"c8e278a\" data-element_type=\"widget\" data-e-type=\"widget\" data-widget_type=\"text-editor.default\">\n\t\t\t\t<div class=\"elementor-widget-container\">\n\t\t\t\t\t\t\t\t\t<h2><strong>REUNIONES DE ECONOM\u00cdA Y BIODIVERSIDAD DE GUYANA EN CAYENA<br \/><\/strong><\/h2>\n<p><strong>28 y 29 de marzo de 2023<br \/><\/strong><\/p>\n<p>Organizados por la Oficina Francesa de Biodiversidad y la Red Rural de Guyana, los Encuentros de Econom\u00eda y Biodiversidad de Guyana tienen como objetivo reunir a los actores locales en torno a los temas del ecoturismo y la alimentaci\u00f3n sostenible. Los principales objetivos de este evento son:<\/p>\n<ul>\n<li>sensibilizar a las partes interesadas sobre el potencial intr\u00ednseco de la biodiversidad;<\/li>\n<li>conectar a los l\u00edderes de proyectos entre s\u00ed y con las organizaciones de apoyo (t\u00e9cnicas, administrativas, financieras, etc.) definiendo objetivos y herramientas de trabajo comunes;<\/li>\n<li>estimular el impulso de algunos proyectos prioritarios destacando las necesidades en t\u00e9rminos de apoyo a los l\u00edderes de proyectos, apoyo y creaci\u00f3n de redes;<\/li>\n<\/ul>\n<p>Los actores econ\u00f3micos, empresarios, instituciones, comunidades, cargos electos locales, estructuras asociativas, establecimientos de educaci\u00f3n y formaci\u00f3n, l\u00edderes de proyectos y estudiantes est\u00e1n invitados a movilizarse para discutir sus pr\u00e1cticas y sus expectativas.<\/p>\n<p>La celebraci\u00f3n de conferencias, talleres y otros momentos de intercambio ayudar\u00e1n a sentar las bases para el desarrollo econ\u00f3mico sostenible en Guyana.<\/p>\n<p><strong><a href=\"https:\/\/www.ofb.gouv.fr\/sites\/default\/files\/Fichiers\/Ev%C3%A9nements\/REB\/programme-detaille-REB.pdf\"><span style=\"text-decoration: underline;\">PROGRAMA<\/span><\/a><\/strong><\/p>\n<p>Los documentos de restituci\u00f3n de las Reuniones de Econom\u00eda y Biodiversidad de Guyana ya est\u00e1n disponibles a trav\u00e9s del siguiente enlace:<\/p>\n<p><a href=\"https:\/\/oai-gem.ofb.fr\/exl-php\/document-affiche\/ofb_recherche_oai\/OUVRE_DOC\/60969?vue=ofb_recherche_oai&amp;action=OUVRE_DOC&amp;cid=60969&amp;fic=doc00084395.pdf\"><span style=\"text-decoration: underline;\"><strong>Descargue los informes de conferencias y talleres.<\/strong><\/span><\/a><\/p>\n\t\t\t\t\t\t\t\t<\/div>\n\t\t\t\t<\/div>\n\t\t\t\t\t<\/div>\n\t\t\t\t<\/div>\n\t\t\t\t\t<\/div>\n\t\t\t\t<\/div>\n\t\t\t\t<\/div>\n\t\t","protected":false},"excerpt":{"rendered":"<p>WORKSHOP #02 Pagina Principal &gt; Innovaci\u00f3n &gt; Workshops REUNIONES DE ECONOM\u00cdA Y BIODIVERSIDAD DE GUYANA EN CAYENA 28 y 29 de marzo de 2023 Organizados por la Oficina Francesa de Biodiversidad y la Red Rural de Guyana, los Encuentros de Econom\u00eda y Biodiversidad de Guyana tienen como objetivo reunir a los actores locales en torno [&hellip;]<\/p>\n","protected":false},"author":6,"featured_media":0,"parent":4646,"menu_order":0,"comment_status":"closed","ping_status":"closed","template":"elementor_header_footer","meta":{"footnotes":""},"class_list":["post-4658","page","type-page","status-publish","hentry"],"yoast_head":"<!-- This site is optimized with the Yoast SEO plugin v27.5 - https:\/\/yoast.com\/product\/yoast-seo-wordpress\/ -->\n<title>Workshop #02 - Biodiversidad<\/title>\n<meta name=\"description\" content=\"Organizados por la Oficina Francesa de Biodiversidad y la Red Rural de Guyana, los Encuentros de Econom\u00eda y Biodiversidad de Guyana [...]\" \/>\n<meta name=\"robots\" content=\"noindex, follow, max-snippet:-1, max-image-preview:large, max-video-preview:-1\" \/>\n<meta property=\"og:locale\" content=\"es_ES\" \/>\n<meta property=\"og:type\" content=\"article\" \/>\n<meta property=\"og:title\" content=\"Workshop #02 - Biodiversidad\" \/>\n<meta property=\"og:description\" content=\"Organizados por la Oficina Francesa de Biodiversidad y la Red Rural de Guyana, los Encuentros de Econom\u00eda y Biodiversidad de Guyana [...]\" \/>\n<meta property=\"og:url\" content=\"https:\/\/cambionet.usts.fr\/es\/intervenciones\/workshop-02\/\" \/>\n<meta property=\"og:site_name\" content=\"Cambionet\" \/>\n<meta property=\"article:modified_time\" content=\"2024-02-17T16:41:30+00:00\" \/>\n<meta property=\"og:image\" content=\"https:\/\/cambionet.usts.fr\/wp-content\/uploads\/2023\/11\/rencontre-economie-et-biodiversite-guyane-cambionet-1.png\" \/>\n<meta name=\"twitter:card\" content=\"summary_large_image\" \/>\n<meta name=\"twitter:label1\" content=\"Tiempo de lectura\" \/>\n\t<meta name=\"twitter:data1\" content=\"1 minuto\" \/>\n<script type=\"application\/ld+json\" class=\"yoast-schema-graph\">{\"@context\":\"https:\\\/\\\/schema.org\",\"@graph\":[{\"@type\":\"WebPage\",\"@id\":\"https:\\\/\\\/cambionet.usts.fr\\\/es\\\/intervenciones\\\/workshop-02\\\/\",\"url\":\"https:\\\/\\\/cambionet.usts.fr\\\/es\\\/intervenciones\\\/workshop-02\\\/\",\"name\":\"Workshop #02 - Biodiversidad\",\"isPartOf\":{\"@id\":\"https:\\\/\\\/cambionet.usts.fr\\\/es\\\/#website\"},\"primaryImageOfPage\":{\"@id\":\"https:\\\/\\\/cambionet.usts.fr\\\/es\\\/intervenciones\\\/workshop-02\\\/#primaryimage\"},\"image\":{\"@id\":\"https:\\\/\\\/cambionet.usts.fr\\\/es\\\/intervenciones\\\/workshop-02\\\/#primaryimage\"},\"thumbnailUrl\":\"https:\\\/\\\/cambionet.usts.fr\\\/wp-content\\\/uploads\\\/2023\\\/11\\\/rencontre-economie-et-biodiversite-guyane-cambionet-1.png\",\"datePublished\":\"2023-11-16T16:38:05+00:00\",\"dateModified\":\"2024-02-17T16:41:30+00:00\",\"description\":\"Organizados por la Oficina Francesa de Biodiversidad y la Red Rural de Guyana, los Encuentros de Econom\u00eda y Biodiversidad de Guyana [...]\",\"breadcrumb\":{\"@id\":\"https:\\\/\\\/cambionet.usts.fr\\\/es\\\/intervenciones\\\/workshop-02\\\/#breadcrumb\"},\"inLanguage\":\"es\",\"potentialAction\":[{\"@type\":\"ReadAction\",\"target\":[\"https:\\\/\\\/cambionet.usts.fr\\\/es\\\/intervenciones\\\/workshop-02\\\/\"]}]},{\"@type\":\"ImageObject\",\"inLanguage\":\"es\",\"@id\":\"https:\\\/\\\/cambionet.usts.fr\\\/es\\\/intervenciones\\\/workshop-02\\\/#primaryimage\",\"url\":\"https:\\\/\\\/cambionet.usts.fr\\\/wp-content\\\/uploads\\\/2023\\\/11\\\/rencontre-economie-et-biodiversite-guyane-cambionet-1.png\",\"contentUrl\":\"https:\\\/\\\/cambionet.usts.fr\\\/wp-content\\\/uploads\\\/2023\\\/11\\\/rencontre-economie-et-biodiversite-guyane-cambionet-1.png\"},{\"@type\":\"BreadcrumbList\",\"@id\":\"https:\\\/\\\/cambionet.usts.fr\\\/es\\\/intervenciones\\\/workshop-02\\\/#breadcrumb\",\"itemListElement\":[{\"@type\":\"ListItem\",\"position\":1,\"name\":\"Home\",\"item\":\"https:\\\/\\\/cambionet.usts.fr\\\/es\\\/paginal-principal-cambionet\\\/\"},{\"@type\":\"ListItem\",\"position\":2,\"name\":\"Intervenciones\",\"item\":\"https:\\\/\\\/cambionet.usts.fr\\\/es\\\/intervenciones\\\/\"},{\"@type\":\"ListItem\",\"position\":3,\"name\":\"Workshop #02\"}]},{\"@type\":\"WebSite\",\"@id\":\"https:\\\/\\\/cambionet.usts.fr\\\/es\\\/#website\",\"url\":\"https:\\\/\\\/cambionet.usts.fr\\\/es\\\/\",\"name\":\"Cambionet\",\"description\":\"\",\"publisher\":{\"@id\":\"https:\\\/\\\/cambionet.usts.fr\\\/es\\\/#organization\"},\"potentialAction\":[{\"@type\":\"SearchAction\",\"target\":{\"@type\":\"EntryPoint\",\"urlTemplate\":\"https:\\\/\\\/cambionet.usts.fr\\\/es\\\/?s={search_term_string}\"},\"query-input\":{\"@type\":\"PropertyValueSpecification\",\"valueRequired\":true,\"valueName\":\"search_term_string\"}}],\"inLanguage\":\"es\"},{\"@type\":\"Organization\",\"@id\":\"https:\\\/\\\/cambionet.usts.fr\\\/es\\\/#organization\",\"name\":\"Cambionet\",\"url\":\"https:\\\/\\\/cambionet.usts.fr\\\/es\\\/\",\"logo\":{\"@type\":\"ImageObject\",\"inLanguage\":\"es\",\"@id\":\"https:\\\/\\\/cambionet.usts.fr\\\/es\\\/#\\\/schema\\\/logo\\\/image\\\/\",\"url\":\"https:\\\/\\\/cambionet.usts.fr\\\/wp-content\\\/uploads\\\/2023\\\/10\\\/combi_aligne__fond_blanc_-removebg-preview.png\",\"contentUrl\":\"https:\\\/\\\/cambionet.usts.fr\\\/wp-content\\\/uploads\\\/2023\\\/10\\\/combi_aligne__fond_blanc_-removebg-preview.png\",\"width\":1043,\"height\":210,\"caption\":\"Cambionet\"},\"image\":{\"@id\":\"https:\\\/\\\/cambionet.usts.fr\\\/es\\\/#\\\/schema\\\/logo\\\/image\\\/\"}}]}<\/script>\n<!-- \/ Yoast SEO plugin. -->","yoast_head_json":{"title":"Workshop #02 - Biodiversidad","description":"Organizados por la Oficina Francesa de Biodiversidad y la Red Rural de Guyana, los Encuentros de Econom\u00eda y Biodiversidad de Guyana [...]","robots":{"index":"noindex","follow":"follow","max-snippet":"max-snippet:-1","max-image-preview":"max-image-preview:large","max-video-preview":"max-video-preview:-1"},"og_locale":"es_ES","og_type":"article","og_title":"Workshop #02 - Biodiversidad","og_description":"Organizados por la Oficina Francesa de Biodiversidad y la Red Rural de Guyana, los Encuentros de Econom\u00eda y Biodiversidad de Guyana [...]","og_url":"https:\/\/cambionet.usts.fr\/es\/intervenciones\/workshop-02\/","og_site_name":"Cambionet","article_modified_time":"2024-02-17T16:41:30+00:00","og_image":[{"url":"https:\/\/cambionet.usts.fr\/wp-content\/uploads\/2023\/11\/rencontre-economie-et-biodiversite-guyane-cambionet-1.png","type":"","width":"","height":""}],"twitter_card":"summary_large_image","twitter_misc":{"Tiempo de lectura":"1 minuto"},"schema":{"@context":"https:\/\/schema.org","@graph":[{"@type":"WebPage","@id":"https:\/\/cambionet.usts.fr\/es\/intervenciones\/workshop-02\/","url":"https:\/\/cambionet.usts.fr\/es\/intervenciones\/workshop-02\/","name":"Workshop #02 - Biodiversidad","isPartOf":{"@id":"https:\/\/cambionet.usts.fr\/es\/#website"},"primaryImageOfPage":{"@id":"https:\/\/cambionet.usts.fr\/es\/intervenciones\/workshop-02\/#primaryimage"},"image":{"@id":"https:\/\/cambionet.usts.fr\/es\/intervenciones\/workshop-02\/#primaryimage"},"thumbnailUrl":"https:\/\/cambionet.usts.fr\/wp-content\/uploads\/2023\/11\/rencontre-economie-et-biodiversite-guyane-cambionet-1.png","datePublished":"2023-11-16T16:38:05+00:00","dateModified":"2024-02-17T16:41:30+00:00","description":"Organizados por la Oficina Francesa de Biodiversidad y la Red Rural de Guyana, los Encuentros de Econom\u00eda y Biodiversidad de Guyana [...]","breadcrumb":{"@id":"https:\/\/cambionet.usts.fr\/es\/intervenciones\/workshop-02\/#breadcrumb"},"inLanguage":"es","potentialAction":[{"@type":"ReadAction","target":["https:\/\/cambionet.usts.fr\/es\/intervenciones\/workshop-02\/"]}]},{"@type":"ImageObject","inLanguage":"es","@id":"https:\/\/cambionet.usts.fr\/es\/intervenciones\/workshop-02\/#primaryimage","url":"https:\/\/cambionet.usts.fr\/wp-content\/uploads\/2023\/11\/rencontre-economie-et-biodiversite-guyane-cambionet-1.png","contentUrl":"https:\/\/cambionet.usts.fr\/wp-content\/uploads\/2023\/11\/rencontre-economie-et-biodiversite-guyane-cambionet-1.png"},{"@type":"BreadcrumbList","@id":"https:\/\/cambionet.usts.fr\/es\/intervenciones\/workshop-02\/#breadcrumb","itemListElement":[{"@type":"ListItem","position":1,"name":"Home","item":"https:\/\/cambionet.usts.fr\/es\/paginal-principal-cambionet\/"},{"@type":"ListItem","position":2,"name":"Intervenciones","item":"https:\/\/cambionet.usts.fr\/es\/intervenciones\/"},{"@type":"ListItem","position":3,"name":"Workshop #02"}]},{"@type":"WebSite","@id":"https:\/\/cambionet.usts.fr\/es\/#website","url":"https:\/\/cambionet.usts.fr\/es\/","name":"Cambionet","description":"","publisher":{"@id":"https:\/\/cambionet.usts.fr\/es\/#organization"},"potentialAction":[{"@type":"SearchAction","target":{"@type":"EntryPoint","urlTemplate":"https:\/\/cambionet.usts.fr\/es\/?s={search_term_string}"},"query-input":{"@type":"PropertyValueSpecification","valueRequired":true,"valueName":"search_term_string"}}],"inLanguage":"es"},{"@type":"Organization","@id":"https:\/\/cambionet.usts.fr\/es\/#organization","name":"Cambionet","url":"https:\/\/cambionet.usts.fr\/es\/","logo":{"@type":"ImageObject","inLanguage":"es","@id":"https:\/\/cambionet.usts.fr\/es\/#\/schema\/logo\/image\/","url":"https:\/\/cambionet.usts.fr\/wp-content\/uploads\/2023\/10\/combi_aligne__fond_blanc_-removebg-preview.png","contentUrl":"https:\/\/cambionet.usts.fr\/wp-content\/uploads\/2023\/10\/combi_aligne__fond_blanc_-removebg-preview.png","width":1043,"height":210,"caption":"Cambionet"},"image":{"@id":"https:\/\/cambionet.usts.fr\/es\/#\/schema\/logo\/image\/"}}]}},"rttpg_featured_image_url":null,"rttpg_author":{"display_name":"Anais Ramalho","author_link":"https:\/\/cambionet.usts.fr\/es\/author\/anais-r\/"},"rttpg_comment":0,"rttpg_category":" <a href=\"https:\/\/cambionet.usts.fr\/es\/?taxonomy=translation_priority&#038;term=opcional\" rel=\"tag\">Opcional<\/a>","rttpg_excerpt":"WORKSHOP #02 Pagina Principal &gt; Innovaci\u00f3n &gt; Workshops REUNIONES DE ECONOM\u00cdA Y BIODIVERSIDAD DE GUYANA EN CAYENA 28 y 29 de marzo de 2023 Organizados por la Oficina Francesa de Biodiversidad y la Red Rural de Guyana, los Encuentros de Econom\u00eda y Biodiversidad de Guyana tienen como objetivo reunir a los actores locales en torno&hellip;","_links":{"self":[{"href":"https:\/\/cambionet.usts.fr\/es\/wp-json\/wp\/v2\/pages\/4658","targetHints":{"allow":["GET"]}}],"collection":[{"href":"https:\/\/cambionet.usts.fr\/es\/wp-json\/wp\/v2\/pages"}],"about":[{"href":"https:\/\/cambionet.usts.fr\/es\/wp-json\/wp\/v2\/types\/page"}],"author":[{"embeddable":true,"href":"https:\/\/cambionet.usts.fr\/es\/wp-json\/wp\/v2\/users\/6"}],"replies":[{"embeddable":true,"href":"https:\/\/cambionet.usts.fr\/es\/wp-json\/wp\/v2\/comments?post=4658"}],"version-history":[{"count":1,"href":"https:\/\/cambionet.usts.fr\/es\/wp-json\/wp\/v2\/pages\/4658\/revisions"}],"predecessor-version":[{"id":4659,"href":"https:\/\/cambionet.usts.fr\/es\/wp-json\/wp\/v2\/pages\/4658\/revisions\/4659"}],"up":[{"embeddable":true,"href":"https:\/\/cambionet.usts.fr\/es\/wp-json\/wp\/v2\/pages\/4646"}],"wp:attachment":[{"href":"https:\/\/cambionet.usts.fr\/es\/wp-json\/wp\/v2\/media?parent=4658"}],"curies":[{"name":"wp","href":"https:\/\/api.w.org\/{rel}","templated":true}]}}