{"id":4664,"date":"2023-11-28T14:39:36","date_gmt":"2023-11-28T14:39:36","guid":{"rendered":"https:\/\/cambionet.usts.fr\/planes-de-accion-territoriales-pact\/"},"modified":"2024-02-18T20:16:32","modified_gmt":"2024-02-18T20:16:32","slug":"planes-de-accion-territoriales-pact","status":"publish","type":"page","link":"https:\/\/cambionet.usts.fr\/es\/planes-de-accion-territoriales-pact\/","title":{"rendered":"Planes de Accion Territoriales (PACT)"},"content":{"rendered":"\t\t<div data-elementor-type=\"wp-page\" data-elementor-id=\"4664\" class=\"elementor elementor-4664 elementor-2498\" data-elementor-post-type=\"page\">\n\t\t\t\t<div class=\"elementor-element elementor-element-e9fcf52 e-flex e-con-boxed e-con e-parent\" data-id=\"e9fcf52\" data-element_type=\"container\" data-e-type=\"container\" data-settings=\"{&quot;background_background&quot;:&quot;classic&quot;}\">\n\t\t\t\t\t<div class=\"e-con-inner\">\n\t\t\t\t<div class=\"elementor-element elementor-element-31f6a3b5 elementor-widget elementor-widget-heading\" data-id=\"31f6a3b5\" data-element_type=\"widget\" data-e-type=\"widget\" data-widget_type=\"heading.default\">\n\t\t\t\t<div class=\"elementor-widget-container\">\n\t\t\t\t\t<h2 class=\"elementor-heading-title elementor-size-default\">Planes de Accion Territoriales<\/h2>\t\t\t\t<\/div>\n\t\t\t\t<\/div>\n\t\t\t\t<div class=\"elementor-element elementor-element-56d7df47 elementor-widget__width-initial elementor-widget-mobile__width-initial elementor-widget elementor-widget-text-editor\" data-id=\"56d7df47\" data-element_type=\"widget\" data-e-type=\"widget\" data-widget_type=\"text-editor.default\">\n\t\t\t\t<div class=\"elementor-widget-container\">\n\t\t\t\t\t\t\t\t\t<p>Los Planes de Acci\u00f3n Territoriales (PACT) han sido dise\u00f1ados para informar de manera concreta a los beneficiarios del proyecto sobre los impactos generados por las acciones llevadas a cabo por el proyecto CambioNet en diferentes territorios.<\/p>\n\t\t\t\t\t\t\t\t<\/div>\n\t\t\t\t<\/div>\n\t\t\t\t\t<\/div>\n\t\t\t\t<\/div>\n\t\t<div class=\"elementor-element elementor-element-6804e4f e-flex e-con-boxed e-con e-parent\" data-id=\"6804e4f\" data-element_type=\"container\" data-e-type=\"container\">\n\t\t\t\t\t<div class=\"e-con-inner\">\n\t\t\t\t<div class=\"elementor-element elementor-element-69f5494 elementor-widget elementor-widget-text-editor\" data-id=\"69f5494\" data-element_type=\"widget\" data-e-type=\"widget\" data-widget_type=\"text-editor.default\">\n\t\t\t\t<div class=\"elementor-widget-container\">\n\t\t\t\t\t\t\t\t\t<p><a href=\"https:\/\/cambionet.usts.fr\/es\/\"><span style=\"color: #1c1c1c;\">Pagina Principal<\/span><\/a> &gt; Estrategia y operativo&gt; <span style=\"color: #009e3d;\">Planes de Acci\u00f3n Territoriales<br \/><\/span><\/p>\n\t\t\t\t\t\t\t\t<\/div>\n\t\t\t\t<\/div>\n\t\t\t\t\t<\/div>\n\t\t\t\t<\/div>\n\t\t<div class=\"elementor-element elementor-element-744f5a0 e-flex e-con-boxed e-con e-parent\" data-id=\"744f5a0\" data-element_type=\"container\" data-e-type=\"container\">\n\t\t\t\t\t<div class=\"e-con-inner\">\n\t\t\t\t<div class=\"elementor-element elementor-element-1cb1c7e elementor-widget elementor-widget-text-editor\" data-id=\"1cb1c7e\" data-element_type=\"widget\" data-e-type=\"widget\" data-widget_type=\"text-editor.default\">\n\t\t\t\t<div class=\"elementor-widget-container\">\n\t\t\t\t\t\t\t\t\t<h2><strong>PLANES DE ACCION TERRITORIALES (PACT)<br \/><\/strong><\/h2>\n\t\t\t\t\t\t\t\t<\/div>\n\t\t\t\t<\/div>\n\t\t\t\t\t<\/div>\n\t\t\t\t<\/div>\n\t\t<div class=\"elementor-element elementor-element-9ab2cc3 e-flex e-con-boxed e-con e-parent\" data-id=\"9ab2cc3\" data-element_type=\"container\" data-e-type=\"container\">\n\t\t\t\t\t<div class=\"e-con-inner\">\n\t\t\t\t<div class=\"elementor-element elementor-element-350b700 elementor-widget elementor-widget-text-editor\" data-id=\"350b700\" data-element_type=\"widget\" data-e-type=\"widget\" data-widget_type=\"text-editor.default\">\n\t\t\t\t<div class=\"elementor-widget-container\">\n\t\t\t\t\t\t\t\t\t<p><strong>Planes de Acci\u00f3n Territoriales (PACT)<\/strong> han sido dise\u00f1ados para informar de manera concreta a los beneficiarios del proyecto, <em>tanto a los agricultores y agrotransformadores como a los decisores p\u00fablicos<\/em>, sobre los impactos generados por las acciones llevadas a cabo por el <strong>proyecto CambioNet<\/strong> en diferentes territorios.<\/p>\n<p>Para ello, hemos desarrollado una <strong>metodolog\u00eda original<\/strong> que busca ofrecer respuestas a los <strong>5 objetivos estrat\u00e9gicos de la Comisi\u00f3n Europea en materia de bioeconom\u00eda<\/strong>, a saber:<\/p>\n<ol>\n<li>La seguridad alimentaria y nutricional<\/li>\n<li>La gesti\u00f3n sostenible de los recursos naturales<\/li>\n<li>La reducci\u00f3n de la dependencia de recursos no renovables<\/li>\n<li>La mitigaci\u00f3n\/adaptaci\u00f3n al cambio clim\u00e1tico<\/li>\n<li>El fortalecimiento de la cooperaci\u00f3n regional al servicio de la creaci\u00f3n de valor y empleo (este objetivo ha sido adaptado a la realidad caribe\u00f1a\/amaz\u00f3nica).<\/li>\n<\/ol>\n<p>En el marco del ejercicio del proyecto, solo se abordaron los objetivos 1, 4 y 5.<\/p>\n<p>El enfoque consiste en generar, para cada uno de ellos, <strong>indicadores<\/strong> (calificados de 0 a 8) que <strong>permitan evaluar las transformaciones facilitadas por el proyecto en los territorios con respecto a tres criterios:<\/strong><\/p>\n<ul>\n<li>La organizaci\u00f3n estructural y funcional de los <a href=\"https:\/\/cambionet.usts.fr\/es\/living-labs\/\">living labs<\/a>: alcance, orientaci\u00f3n tem\u00e1tica, papel de la APEBA (Asociaci\u00f3n para la Promoci\u00f3n de la Experiencia Basada en el Aprendizaje), partes interesadas.<\/li>\n<li>La creaci\u00f3n de valor: volumen, valor econ\u00f3mico, calidad, valor percibido.<\/li>\n<li>Las pol\u00edticas p\u00fablicas: leyes, herramientas espec\u00edficas implementadas.<\/li>\n<\/ul>\n<p>Sobre esta base, y teniendo en cuenta un diagn\u00f3stico inicial realizado (t0), se puede <strong>evaluar el impacto producido por el ejercicio del proyecto a trav\u00e9s del prisma de la bioeconom\u00eda.<\/strong><\/p>\n\t\t\t\t\t\t\t\t<\/div>\n\t\t\t\t<\/div>\n\t\t\t\t\t<\/div>\n\t\t\t\t<\/div>\n\t\t\t\t<\/div>\n\t\t","protected":false},"excerpt":{"rendered":"<p>Planes de Accion Territoriales Los Planes de Acci\u00f3n Territoriales (PACT) han sido dise\u00f1ados para informar de manera concreta a los beneficiarios del proyecto sobre los impactos generados por las acciones llevadas a cabo por el proyecto CambioNet en diferentes territorios. Pagina Principal &gt; Estrategia y operativo&gt; Planes de Acci\u00f3n Territoriales PLANES DE ACCION TERRITORIALES (PACT) [&hellip;]<\/p>\n","protected":false},"author":6,"featured_media":0,"parent":0,"menu_order":0,"comment_status":"closed","ping_status":"closed","template":"","meta":{"footnotes":""},"class_list":["post-4664","page","type-page","status-publish","hentry"],"yoast_head":"<!-- This site is optimized with the Yoast SEO plugin v27.4 - https:\/\/yoast.com\/product\/yoast-seo-wordpress\/ -->\n<title>Planes de Accion Territoriales (PACT) - Cambionet<\/title>\n<meta name=\"description\" content=\"Los Planes de Acci\u00f3n Territoriales (PACT) han sido dise\u00f1ados para informar de manera concreta a los beneficiarios del proyecto.\" \/>\n<meta name=\"robots\" content=\"noindex, follow, max-snippet:-1, max-image-preview:large, max-video-preview:-1\" \/>\n<meta property=\"og:locale\" content=\"es_ES\" \/>\n<meta property=\"og:type\" content=\"article\" \/>\n<meta property=\"og:title\" content=\"Planes de Accion Territoriales (PACT) - Cambionet\" \/>\n<meta property=\"og:description\" content=\"Los Planes de Acci\u00f3n Territoriales (PACT) han sido dise\u00f1ados para informar de manera concreta a los beneficiarios del proyecto.\" \/>\n<meta property=\"og:url\" content=\"https:\/\/cambionet.usts.fr\/es\/planes-de-accion-territoriales-pact\/\" \/>\n<meta property=\"og:site_name\" content=\"Cambionet\" \/>\n<meta property=\"article:modified_time\" content=\"2024-02-18T20:16:32+00:00\" \/>\n<meta name=\"twitter:card\" content=\"summary_large_image\" \/>\n<meta name=\"twitter:label1\" content=\"Tiempo de lectura\" \/>\n\t<meta name=\"twitter:data1\" content=\"2 minutos\" \/>\n<script type=\"application\/ld+json\" class=\"yoast-schema-graph\">{\"@context\":\"https:\\\/\\\/schema.org\",\"@graph\":[{\"@type\":\"WebPage\",\"@id\":\"https:\\\/\\\/cambionet.usts.fr\\\/es\\\/planes-de-accion-territoriales-pact\\\/\",\"url\":\"https:\\\/\\\/cambionet.usts.fr\\\/es\\\/planes-de-accion-territoriales-pact\\\/\",\"name\":\"Planes de Accion Territoriales (PACT) - Cambionet\",\"isPartOf\":{\"@id\":\"https:\\\/\\\/cambionet.usts.fr\\\/es\\\/#website\"},\"datePublished\":\"2023-11-28T14:39:36+00:00\",\"dateModified\":\"2024-02-18T20:16:32+00:00\",\"description\":\"Los Planes de Acci\u00f3n Territoriales (PACT) han sido dise\u00f1ados para informar de manera concreta a los beneficiarios del proyecto.\",\"breadcrumb\":{\"@id\":\"https:\\\/\\\/cambionet.usts.fr\\\/es\\\/planes-de-accion-territoriales-pact\\\/#breadcrumb\"},\"inLanguage\":\"es\",\"potentialAction\":[{\"@type\":\"ReadAction\",\"target\":[\"https:\\\/\\\/cambionet.usts.fr\\\/es\\\/planes-de-accion-territoriales-pact\\\/\"]}]},{\"@type\":\"BreadcrumbList\",\"@id\":\"https:\\\/\\\/cambionet.usts.fr\\\/es\\\/planes-de-accion-territoriales-pact\\\/#breadcrumb\",\"itemListElement\":[{\"@type\":\"ListItem\",\"position\":1,\"name\":\"Home\",\"item\":\"https:\\\/\\\/cambionet.usts.fr\\\/es\\\/paginal-principal-cambionet\\\/\"},{\"@type\":\"ListItem\",\"position\":2,\"name\":\"Planes de Accion Territoriales (PACT)\"}]},{\"@type\":\"WebSite\",\"@id\":\"https:\\\/\\\/cambionet.usts.fr\\\/es\\\/#website\",\"url\":\"https:\\\/\\\/cambionet.usts.fr\\\/es\\\/\",\"name\":\"Cambionet\",\"description\":\"\",\"publisher\":{\"@id\":\"https:\\\/\\\/cambionet.usts.fr\\\/es\\\/#organization\"},\"potentialAction\":[{\"@type\":\"SearchAction\",\"target\":{\"@type\":\"EntryPoint\",\"urlTemplate\":\"https:\\\/\\\/cambionet.usts.fr\\\/es\\\/?s={search_term_string}\"},\"query-input\":{\"@type\":\"PropertyValueSpecification\",\"valueRequired\":true,\"valueName\":\"search_term_string\"}}],\"inLanguage\":\"es\"},{\"@type\":\"Organization\",\"@id\":\"https:\\\/\\\/cambionet.usts.fr\\\/es\\\/#organization\",\"name\":\"Cambionet\",\"url\":\"https:\\\/\\\/cambionet.usts.fr\\\/es\\\/\",\"logo\":{\"@type\":\"ImageObject\",\"inLanguage\":\"es\",\"@id\":\"https:\\\/\\\/cambionet.usts.fr\\\/es\\\/#\\\/schema\\\/logo\\\/image\\\/\",\"url\":\"https:\\\/\\\/cambionet.usts.fr\\\/wp-content\\\/uploads\\\/2023\\\/10\\\/combi_aligne__fond_blanc_-removebg-preview.png\",\"contentUrl\":\"https:\\\/\\\/cambionet.usts.fr\\\/wp-content\\\/uploads\\\/2023\\\/10\\\/combi_aligne__fond_blanc_-removebg-preview.png\",\"width\":1043,\"height\":210,\"caption\":\"Cambionet\"},\"image\":{\"@id\":\"https:\\\/\\\/cambionet.usts.fr\\\/es\\\/#\\\/schema\\\/logo\\\/image\\\/\"}}]}<\/script>\n<!-- \/ Yoast SEO plugin. -->","yoast_head_json":{"title":"Planes de Accion Territoriales (PACT) - Cambionet","description":"Los Planes de Acci\u00f3n Territoriales (PACT) han sido dise\u00f1ados para informar de manera concreta a los beneficiarios del proyecto.","robots":{"index":"noindex","follow":"follow","max-snippet":"max-snippet:-1","max-image-preview":"max-image-preview:large","max-video-preview":"max-video-preview:-1"},"og_locale":"es_ES","og_type":"article","og_title":"Planes de Accion Territoriales (PACT) - Cambionet","og_description":"Los Planes de Acci\u00f3n Territoriales (PACT) han sido dise\u00f1ados para informar de manera concreta a los beneficiarios del proyecto.","og_url":"https:\/\/cambionet.usts.fr\/es\/planes-de-accion-territoriales-pact\/","og_site_name":"Cambionet","article_modified_time":"2024-02-18T20:16:32+00:00","twitter_card":"summary_large_image","twitter_misc":{"Tiempo de lectura":"2 minutos"},"schema":{"@context":"https:\/\/schema.org","@graph":[{"@type":"WebPage","@id":"https:\/\/cambionet.usts.fr\/es\/planes-de-accion-territoriales-pact\/","url":"https:\/\/cambionet.usts.fr\/es\/planes-de-accion-territoriales-pact\/","name":"Planes de Accion Territoriales (PACT) - Cambionet","isPartOf":{"@id":"https:\/\/cambionet.usts.fr\/es\/#website"},"datePublished":"2023-11-28T14:39:36+00:00","dateModified":"2024-02-18T20:16:32+00:00","description":"Los Planes de Acci\u00f3n Territoriales (PACT) han sido dise\u00f1ados para informar de manera concreta a los beneficiarios del proyecto.","breadcrumb":{"@id":"https:\/\/cambionet.usts.fr\/es\/planes-de-accion-territoriales-pact\/#breadcrumb"},"inLanguage":"es","potentialAction":[{"@type":"ReadAction","target":["https:\/\/cambionet.usts.fr\/es\/planes-de-accion-territoriales-pact\/"]}]},{"@type":"BreadcrumbList","@id":"https:\/\/cambionet.usts.fr\/es\/planes-de-accion-territoriales-pact\/#breadcrumb","itemListElement":[{"@type":"ListItem","position":1,"name":"Home","item":"https:\/\/cambionet.usts.fr\/es\/paginal-principal-cambionet\/"},{"@type":"ListItem","position":2,"name":"Planes de Accion Territoriales (PACT)"}]},{"@type":"WebSite","@id":"https:\/\/cambionet.usts.fr\/es\/#website","url":"https:\/\/cambionet.usts.fr\/es\/","name":"Cambionet","description":"","publisher":{"@id":"https:\/\/cambionet.usts.fr\/es\/#organization"},"potentialAction":[{"@type":"SearchAction","target":{"@type":"EntryPoint","urlTemplate":"https:\/\/cambionet.usts.fr\/es\/?s={search_term_string}"},"query-input":{"@type":"PropertyValueSpecification","valueRequired":true,"valueName":"search_term_string"}}],"inLanguage":"es"},{"@type":"Organization","@id":"https:\/\/cambionet.usts.fr\/es\/#organization","name":"Cambionet","url":"https:\/\/cambionet.usts.fr\/es\/","logo":{"@type":"ImageObject","inLanguage":"es","@id":"https:\/\/cambionet.usts.fr\/es\/#\/schema\/logo\/image\/","url":"https:\/\/cambionet.usts.fr\/wp-content\/uploads\/2023\/10\/combi_aligne__fond_blanc_-removebg-preview.png","contentUrl":"https:\/\/cambionet.usts.fr\/wp-content\/uploads\/2023\/10\/combi_aligne__fond_blanc_-removebg-preview.png","width":1043,"height":210,"caption":"Cambionet"},"image":{"@id":"https:\/\/cambionet.usts.fr\/es\/#\/schema\/logo\/image\/"}}]}},"rttpg_featured_image_url":null,"rttpg_author":{"display_name":"Anais Ramalho","author_link":"https:\/\/cambionet.usts.fr\/es\/author\/anais-r\/"},"rttpg_comment":0,"rttpg_category":" <a href=\"https:\/\/cambionet.usts.fr\/es\/?taxonomy=translation_priority&#038;term=opcional\" rel=\"tag\">Opcional<\/a>","rttpg_excerpt":"Planes de Accion Territoriales Los Planes de Acci\u00f3n Territoriales (PACT) han sido dise\u00f1ados para informar de manera concreta a los beneficiarios del proyecto sobre los impactos generados por las acciones llevadas a cabo por el proyecto CambioNet en diferentes territorios. Pagina Principal &gt; Estrategia y operativo&gt; Planes de Acci\u00f3n Territoriales PLANES DE ACCION TERRITORIALES (PACT)&hellip;","_links":{"self":[{"href":"https:\/\/cambionet.usts.fr\/es\/wp-json\/wp\/v2\/pages\/4664","targetHints":{"allow":["GET"]}}],"collection":[{"href":"https:\/\/cambionet.usts.fr\/es\/wp-json\/wp\/v2\/pages"}],"about":[{"href":"https:\/\/cambionet.usts.fr\/es\/wp-json\/wp\/v2\/types\/page"}],"author":[{"embeddable":true,"href":"https:\/\/cambionet.usts.fr\/es\/wp-json\/wp\/v2\/users\/6"}],"replies":[{"embeddable":true,"href":"https:\/\/cambionet.usts.fr\/es\/wp-json\/wp\/v2\/comments?post=4664"}],"version-history":[{"count":1,"href":"https:\/\/cambionet.usts.fr\/es\/wp-json\/wp\/v2\/pages\/4664\/revisions"}],"predecessor-version":[{"id":4665,"href":"https:\/\/cambionet.usts.fr\/es\/wp-json\/wp\/v2\/pages\/4664\/revisions\/4665"}],"wp:attachment":[{"href":"https:\/\/cambionet.usts.fr\/es\/wp-json\/wp\/v2\/media?parent=4664"}],"curies":[{"name":"wp","href":"https:\/\/api.w.org\/{rel}","templated":true}]}}