{"id":4672,"date":"2023-11-25T10:54:05","date_gmt":"2023-11-25T10:54:05","guid":{"rendered":"https:\/\/cambionet.usts.fr\/observatorio-ocaba\/"},"modified":"2024-02-18T22:28:11","modified_gmt":"2024-02-18T22:28:11","slug":"observatorio-ocaba","status":"publish","type":"page","link":"https:\/\/cambionet.usts.fr\/es\/observatorio-ocaba\/","title":{"rendered":"Observatorio OCABA"},"content":{"rendered":"\t\t<div data-elementor-type=\"wp-page\" data-elementor-id=\"4672\" class=\"elementor elementor-4672 elementor-1523\" data-elementor-post-type=\"page\">\n\t\t\t\t<div class=\"elementor-element elementor-element-e9fcf52 e-flex e-con-boxed e-con e-parent\" data-id=\"e9fcf52\" data-element_type=\"container\" data-e-type=\"container\" data-settings=\"{&quot;background_background&quot;:&quot;classic&quot;}\">\n\t\t\t\t\t<div class=\"e-con-inner\">\n\t\t\t\t<div class=\"elementor-element elementor-element-31f6a3b5 elementor-widget elementor-widget-heading\" data-id=\"31f6a3b5\" data-element_type=\"widget\" data-e-type=\"widget\" data-widget_type=\"heading.default\">\n\t\t\t\t<div class=\"elementor-widget-container\">\n\t\t\t\t\t<h2 class=\"elementor-heading-title elementor-size-default\">Observatorio OCABA<\/h2>\t\t\t\t<\/div>\n\t\t\t\t<\/div>\n\t\t\t\t<div class=\"elementor-element elementor-element-56d7df47 elementor-widget__width-initial elementor-widget-mobile__width-initial elementor-widget elementor-widget-text-editor\" data-id=\"56d7df47\" data-element_type=\"widget\" data-e-type=\"widget\" data-widget_type=\"text-editor.default\">\n\t\t\t\t<div class=\"elementor-widget-container\">\n\t\t\t\t\t\t\t\t\t<p>La creaci\u00f3n del observatorio OCABA naci\u00f3 de la ambici\u00f3n del proyecto CambioNet de dotar al espacio Caribe\/Amaz\u00f3nico de un instrumento de seguimiento e informaci\u00f3n sobre la bioeconom\u00eda.<\/p>\n\t\t\t\t\t\t\t\t<\/div>\n\t\t\t\t<\/div>\n\t\t\t\t\t<\/div>\n\t\t\t\t<\/div>\n\t\t<div class=\"elementor-element elementor-element-6804e4f e-flex e-con-boxed e-con e-parent\" data-id=\"6804e4f\" data-element_type=\"container\" data-e-type=\"container\">\n\t\t\t\t\t<div class=\"e-con-inner\">\n\t\t\t\t<div class=\"elementor-element elementor-element-69f5494 elementor-widget elementor-widget-text-editor\" data-id=\"69f5494\" data-element_type=\"widget\" data-e-type=\"widget\" data-widget_type=\"text-editor.default\">\n\t\t\t\t<div class=\"elementor-widget-container\">\n\t\t\t\t\t\t\t\t\t<p><a href=\"https:\/\/cambionet.usts.fr\/es\/\"><span style=\"color: #1c1c1c;\">Pagina Principal<\/span><\/a> &gt; Informaci\u00f3n y mediaci\u00f3n&gt; <span style=\"color: #009e3d;\">OCABA<br \/><\/span><\/p>\n\t\t\t\t\t\t\t\t<\/div>\n\t\t\t\t<\/div>\n\t\t\t\t\t<\/div>\n\t\t\t\t<\/div>\n\t\t<div class=\"elementor-element elementor-element-744f5a0 e-flex e-con-boxed e-con e-parent\" data-id=\"744f5a0\" data-element_type=\"container\" data-e-type=\"container\">\n\t\t\t\t\t<div class=\"e-con-inner\">\n\t\t\t\t<div class=\"elementor-element elementor-element-1cb1c7e elementor-widget elementor-widget-text-editor\" data-id=\"1cb1c7e\" data-element_type=\"widget\" data-e-type=\"widget\" data-widget_type=\"text-editor.default\">\n\t\t\t\t<div class=\"elementor-widget-container\">\n\t\t\t\t\t\t\t\t\t<h2><strong>QU\u00c9 ES OCABA \u201cOBSERVATORIO DE BIOECONOM\u00cdA DEL CARIBE Y AMAZONAS<\/strong><br \/><strong>Y AGRICULTURA \u201c?<\/strong><\/h2>\n<p>Si bien la <strong>agricultura biodiversa<\/strong> en peque\u00f1a escala es el modelo dominante en el \u00e1rea del Caribe\/Amazon\u00eda, parad\u00f3jicamente es el menos monitoreado, documentado y tenido en cuenta por las pol\u00edticas p\u00fablicas. Para permitir que este componente de nuestros sistemas agrarios se beneficie de las pol\u00edticas agr\u00edcolas p\u00fablicas, el proyecto <strong>CambioNet tiene como objetivo brindar apoyo a los actores p\u00fablicos y ayudar a adaptar las herramientas pol\u00edticas, pero tambi\u00e9n ayudar a los beneficiarios a adaptarse al sistema actual.<\/strong> <\/p>\n<p>La creaci\u00f3n del observatorio <strong>OCABA<\/strong> naci\u00f3 de la ambici\u00f3n del proyecto CambioNet de dotar al espacio Caribe\/Amaz\u00f3nico de un instrumento espec\u00edfico para monitorear, monitorear y evaluar la transici\u00f3n bioecon\u00f3mica. Este Observatorio pretende convertirse en <strong>un instrumento clave al servicio de las pol\u00edticas p\u00fablicas agr\u00edcolas de<\/strong> <br \/><strong>la zona Caribe-Amaz\u00f3nica.<\/strong> Apoyar\u00e1 varios programas estrat\u00e9gicos, como <strong>SRDEII<\/strong> (esquema regional de desarrollo econ\u00f3mico, innovaci\u00f3n e internacionalizaci\u00f3n) en los departamentos franceses de Am\u00e9rica, el <strong>programa FAST<\/strong> \u00ab Food and Agricultural System Transformation \u00bb dentro de la Organizaci\u00f3n de Estados del Caribe Oriental (<a href=\"https:\/\/www.oecs.org\/fr\/\">OECO<\/a>), las iniciativas de <a href=\"https:\/\/caricom.org\/\">CARICOM<\/a> en materia de soberan\u00eda alimentaria, adaptaci\u00f3n al cambio clim\u00e1tico y desarrollo sostenible, as\u00ed como los planes existentes en las Antillas Mayores, incluidas Cuba, Rep\u00fablica Dominicana, Hait\u00ed y la Meseta Guayana.<\/p>\n<p><strong>Las principales misiones del Observatorio incluyen:<\/strong><\/p>\n\t\t\t\t\t\t\t\t<\/div>\n\t\t\t\t<\/div>\n\t\t\t\t\t<\/div>\n\t\t\t\t<\/div>\n\t\t<div class=\"elementor-element elementor-element-d88f57b e-flex e-con-boxed e-con e-parent\" data-id=\"d88f57b\" data-element_type=\"container\" data-e-type=\"container\">\n\t\t\t\t\t<div class=\"e-con-inner\">\n\t\t<div class=\"elementor-element elementor-element-24bb62a e-con-full e-flex e-con e-child\" data-id=\"24bb62a\" data-element_type=\"container\" data-e-type=\"container\">\n\t\t\t\t<div class=\"elementor-element elementor-element-e45d127 elementor-widget elementor-widget-image\" data-id=\"e45d127\" data-element_type=\"widget\" data-e-type=\"widget\" data-widget_type=\"image.default\">\n\t\t\t\t<div class=\"elementor-widget-container\">\n\t\t\t\t\t\t\t\t\t\t\t\t\t\t\t<img decoding=\"async\" width=\"150\" height=\"150\" src=\"https:\/\/cambionet.usts.fr\/wp-content\/uploads\/2023\/11\/collecte-de-donnees.svg\" class=\"attachment-thumbnail size-thumbnail wp-image-1554\" alt=\"observatoire ocaba\" \/>\t\t\t\t\t\t\t\t\t\t\t\t\t\t\t<\/div>\n\t\t\t\t<\/div>\n\t\t\t\t<div class=\"elementor-element elementor-element-e338954 elementor-widget elementor-widget-text-editor\" data-id=\"e338954\" data-element_type=\"widget\" data-e-type=\"widget\" data-widget_type=\"text-editor.default\">\n\t\t\t\t<div class=\"elementor-widget-container\">\n\t\t\t\t\t\t\t\t\t<p style=\"text-align: center;\">La recopilaci\u00f3n y difusi\u00f3n de conocimientos sobre la agricultura de peque\u00f1a escala en<br \/>zonas caribe\u00f1as y amaz\u00f3nicas.<\/p>\n\t\t\t\t\t\t\t\t<\/div>\n\t\t\t\t<\/div>\n\t\t\t\t<\/div>\n\t\t<div class=\"elementor-element elementor-element-242728a e-con-full e-flex e-con e-child\" data-id=\"242728a\" data-element_type=\"container\" data-e-type=\"container\">\n\t\t\t\t<div class=\"elementor-element elementor-element-1384216 elementor-widget elementor-widget-image\" data-id=\"1384216\" data-element_type=\"widget\" data-e-type=\"widget\" data-widget_type=\"image.default\">\n\t\t\t\t<div class=\"elementor-widget-container\">\n\t\t\t\t\t\t\t\t\t\t\t\t\t\t\t<img decoding=\"async\" width=\"150\" height=\"150\" src=\"https:\/\/cambionet.usts.fr\/wp-content\/uploads\/2023\/11\/save-the-world1.svg\" class=\"attachment-thumbnail size-thumbnail wp-image-1549\" alt=\"ocaba\" \/>\t\t\t\t\t\t\t\t\t\t\t\t\t\t\t<\/div>\n\t\t\t\t<\/div>\n\t\t\t\t<div class=\"elementor-element elementor-element-ff647d1 elementor-widget elementor-widget-text-editor\" data-id=\"ff647d1\" data-element_type=\"widget\" data-e-type=\"widget\" data-widget_type=\"text-editor.default\">\n\t\t\t\t<div class=\"elementor-widget-container\">\n\t\t\t\t\t\t\t\t\t<p style=\"text-align: center;\">Apoyo a pol\u00edticas p\u00fablicas para promover el desarrollo sostenible,<br \/>biodiversidad, agroecolog\u00eda, bioeconom\u00eda, biomimetismo, soberan\u00eda y calidad alimentaria, as\u00ed como adaptaci\u00f3n al cambio clim\u00e1tico.<\/p>\n\t\t\t\t\t\t\t\t<\/div>\n\t\t\t\t<\/div>\n\t\t\t\t<\/div>\n\t\t<div class=\"elementor-element elementor-element-740ed99 e-con-full e-flex e-con e-child\" data-id=\"740ed99\" data-element_type=\"container\" data-e-type=\"container\">\n\t\t\t\t<div class=\"elementor-element elementor-element-9da56a2 elementor-widget elementor-widget-image\" data-id=\"9da56a2\" data-element_type=\"widget\" data-e-type=\"widget\" data-widget_type=\"image.default\">\n\t\t\t\t<div class=\"elementor-widget-container\">\n\t\t\t\t\t\t\t\t\t\t\t\t\t\t\t<img decoding=\"async\" width=\"150\" height=\"150\" src=\"https:\/\/cambionet.usts.fr\/wp-content\/uploads\/2023\/11\/gouvernance1.svg\" class=\"attachment-thumbnail size-thumbnail wp-image-1559\" alt=\"observatoire ocaba cambionet\" \/>\t\t\t\t\t\t\t\t\t\t\t\t\t\t\t<\/div>\n\t\t\t\t<\/div>\n\t\t\t\t<div class=\"elementor-element elementor-element-7819c4d elementor-widget elementor-widget-text-editor\" data-id=\"7819c4d\" data-element_type=\"widget\" data-e-type=\"widget\" data-widget_type=\"text-editor.default\">\n\t\t\t\t<div class=\"elementor-widget-container\">\n\t\t\t\t\t\t\t\t\t<p style=\"text-align: center;\">Fortalecer la gobernanza participativa involucrando a actores p\u00fablicos, privados y la sociedad civil en el desarrollo y ejecuci\u00f3n de pol\u00edticas p\u00fablicas efectivas.<\/p>\n\t\t\t\t\t\t\t\t<\/div>\n\t\t\t\t<\/div>\n\t\t\t\t<\/div>\n\t\t\t\t\t<\/div>\n\t\t\t\t<\/div>\n\t\t<div class=\"elementor-element elementor-element-79391ee e-flex e-con-boxed e-con e-parent\" data-id=\"79391ee\" data-element_type=\"container\" data-e-type=\"container\">\n\t\t\t\t\t<div class=\"e-con-inner\">\n\t\t\t\t<div class=\"elementor-element elementor-element-523c052 elementor-widget elementor-widget-text-editor\" data-id=\"523c052\" data-element_type=\"widget\" data-e-type=\"widget\" data-widget_type=\"text-editor.default\">\n\t\t\t\t<div class=\"elementor-widget-container\">\n\t\t\t\t\t\t\t\t\t<h2><strong>LOS SOCIOS FUNDADORES DEL OBSERVATORIO<\/strong><\/h2>\n<div class=\"map_wrapper\" id=\"map_wrapper_1531\">\n<div class=\"map_box\" style=\"max-width:2000px\">\n<div class=\"map_aspect_ratio\" style=\"padding-top:56%\" data-padding-top=\"56%\" data-padding-top-mobile=\"0%\">\n<div class=\"map_container\">\n<div class=\"map_render map_loading\" id=\"map_1531\"><\/div>\n<\/div>\n<\/div>\n<\/div>\n<\/div>\n\t\t\t\t\t\t\t\t<\/div>\n\t\t\t\t<\/div>\n\t\t\t\t\t<\/div>\n\t\t\t\t<\/div>\n\t\t<div class=\"elementor-element elementor-element-a6e099f e-flex e-con-boxed e-con e-parent\" data-id=\"a6e099f\" data-element_type=\"container\" data-e-type=\"container\">\n\t\t\t\t\t<div class=\"e-con-inner\">\n\t\t\t\t<div class=\"elementor-element elementor-element-8ab26a2 elementor-widget elementor-widget-text-editor\" data-id=\"8ab26a2\" data-element_type=\"widget\" data-e-type=\"widget\" data-widget_type=\"text-editor.default\">\n\t\t\t\t<div class=\"elementor-widget-container\">\n\t\t\t\t\t\t\t\t\t<h2><strong>BOLETINES PERI\u00d3DICOS<br \/><\/strong><\/h2>\n\t\t\t\t\t\t\t\t<\/div>\n\t\t\t\t<\/div>\n\t\t\t\t\t<\/div>\n\t\t\t\t<\/div>\n\t\t<div class=\"elementor-element elementor-element-4ec4b62 e-flex e-con-boxed e-con e-parent\" data-id=\"4ec4b62\" data-element_type=\"container\" data-e-type=\"container\">\n\t\t\t\t\t<div class=\"e-con-inner\">\n\t\t\t\t<div class=\"elementor-element elementor-element-d73c58b elementor-widget elementor-widget-button\" data-id=\"d73c58b\" data-element_type=\"widget\" data-e-type=\"widget\" data-widget_type=\"button.default\">\n\t\t\t\t<div class=\"elementor-widget-container\">\n\t\t\t\t\t\t\t\t\t<div class=\"elementor-button-wrapper\">\n\t\t\t\t\t<a class=\"elementor-button elementor-button-link elementor-size-sm\" href=\"https:\/\/cambionet.usts.fr\/wp-content\/uploads\/2024\/01\/OCABA-Souverainete-Alimentaire-Ed-2023.pdf\" target=\"_blank\">\n\t\t\t\t\t\t<span class=\"elementor-button-content-wrapper\">\n\t\t\t\t\t\t<span class=\"elementor-button-icon\">\n\t\t\t\t<svg xmlns=\"http:\/\/www.w3.org\/2000\/svg\" width=\"20.775\" height=\"26.222\" viewBox=\"0 0 20.775 26.222\"><g id=\"telecharger\" transform=\"translate(-0.5)\"><path id=\"Trac&#xE9;_2848\" data-name=\"Trac&#xE9; 2848\" d=\"M14.631.2a.634.634,0,0,0-.456-.2H3.946A3.46,3.46,0,0,0,.5,3.439V22.783a3.46,3.46,0,0,0,3.446,3.439H17.829a3.46,3.46,0,0,0,3.446-3.439V7.423a.682.682,0,0,0-.184-.443Zm.184,2.033L19.14,6.777H16.328A1.508,1.508,0,0,1,14.814,5.27Zm3.015,22.719H3.946a2.194,2.194,0,0,1-2.179-2.173V3.439A2.194,2.194,0,0,1,3.946,1.267h9.6v4a2.771,2.771,0,0,0,2.781,2.774h3.68V22.783A2.19,2.19,0,0,1,17.829,24.955Zm0,0\" fill=\"#fff\"><\/path><path id=\"Trac&#xE9;_2849\" data-name=\"Trac&#xE9; 2849\" d=\"M100.231,401.934H89.805a.633.633,0,1,0,0,1.267h10.432a.633.633,0,1,0-.006-1.267Zm0,0\" transform=\"translate(-84.131 -381.349)\" fill=\"#fff\"><\/path><path id=\"Trac&#xE9;_2850\" data-name=\"Trac&#xE9; 2850\" d=\"M122.5,179.886a.629.629,0,0,0,.925,0l3.712-3.984a.632.632,0,1,0-.925-.861l-2.616,2.806V170.93a.633.633,0,0,0-1.267,0v6.916l-2.61-2.806a.632.632,0,0,0-.925.861Zm0,0\" transform=\"translate(-112.078 -161.575)\" fill=\"#fff\"><\/path><\/g><\/svg>\t\t\t<\/span>\n\t\t\t\t\t\t\t\t\t<span class=\"elementor-button-text\">Bolet\u00edn #01<\/span>\n\t\t\t\t\t<\/span>\n\t\t\t\t\t<\/a>\n\t\t\t\t<\/div>\n\t\t\t\t\t\t\t\t<\/div>\n\t\t\t\t<\/div>\n\t\t\t\t\t<\/div>\n\t\t\t\t<\/div>\n\t\t<div class=\"elementor-element elementor-element-79155b4 elementor-hidden-desktop elementor-hidden-tablet elementor-hidden-mobile e-flex e-con-boxed e-con e-parent\" data-id=\"79155b4\" data-element_type=\"container\" data-e-type=\"container\">\n\t\t\t\t\t<div class=\"e-con-inner\">\n\t\t\t\t<div class=\"elementor-element elementor-element-b469507 elementor-widget elementor-widget-text-editor\" data-id=\"b469507\" data-element_type=\"widget\" data-e-type=\"widget\" data-widget_type=\"text-editor.default\">\n\t\t\t\t<div class=\"elementor-widget-container\">\n\t\t\t\t\t\t\t\t\t<h2><strong>INFORMES TEM\u00c1TICOS<br \/><\/strong><\/h2><\/p>\n\t\t\t\t\t\t\t\t<\/div>\n\t\t\t\t<\/div>\n\t\t\t\t\t<\/div>\n\t\t\t\t<\/div>\n\t\t<div class=\"elementor-element elementor-element-af22b65 elementor-hidden-desktop elementor-hidden-tablet elementor-hidden-mobile e-flex e-con-boxed e-con e-parent\" data-id=\"af22b65\" data-element_type=\"container\" data-e-type=\"container\">\n\t\t\t\t\t<div class=\"e-con-inner\">\n\t\t<div class=\"elementor-element elementor-element-2296161 e-con-full e-flex e-con e-child\" data-id=\"2296161\" data-element_type=\"container\" data-e-type=\"container\">\n\t\t\t\t<\/div>\n\t\t<div class=\"elementor-element elementor-element-b8e8a1f e-con-full e-flex e-con e-child\" data-id=\"b8e8a1f\" data-element_type=\"container\" data-e-type=\"container\">\n\t\t\t\t<\/div>\n\t\t<div class=\"elementor-element elementor-element-8dbbd4b e-con-full e-flex e-con e-child\" data-id=\"8dbbd4b\" data-element_type=\"container\" data-e-type=\"container\">\n\t\t\t\t<\/div>\n\t\t<div class=\"elementor-element elementor-element-da20229 e-con-full e-flex e-con e-child\" data-id=\"da20229\" data-element_type=\"container\" data-e-type=\"container\">\n\t\t\t\t<\/div>\n\t\t\t\t\t<\/div>\n\t\t\t\t<\/div>\n\t\t\t\t<\/div>\n\t\t","protected":false},"excerpt":{"rendered":"<p>Observatorio OCABA La creaci\u00f3n del observatorio OCABA naci\u00f3 de la ambici\u00f3n del proyecto CambioNet de dotar al espacio Caribe\/Amaz\u00f3nico de un instrumento de seguimiento e informaci\u00f3n sobre la bioeconom\u00eda. Pagina Principal &gt; Informaci\u00f3n y mediaci\u00f3n&gt; OCABA QU\u00c9 ES OCABA \u201cOBSERVATORIO DE BIOECONOM\u00cdA DEL CARIBE Y AMAZONASY AGRICULTURA \u201c? Si bien la agricultura biodiversa en peque\u00f1a [&hellip;]<\/p>\n","protected":false},"author":6,"featured_media":0,"parent":0,"menu_order":0,"comment_status":"closed","ping_status":"closed","template":"","meta":{"footnotes":""},"class_list":["post-4672","page","type-page","status-publish","hentry"],"yoast_head":"<!-- This site is optimized with the Yoast SEO plugin v27.5 - https:\/\/yoast.com\/product\/yoast-seo-wordpress\/ -->\n<title>Observatorio OCABA - Cambionet<\/title>\n<meta name=\"description\" content=\"La creaci\u00f3n del observatorio OCABA naci\u00f3 de la ambici\u00f3n del proyecto CambioNet de dotar al espacio caribe\u00f1o\/amaz\u00f3nico de un instrumento [...]\" \/>\n<meta name=\"robots\" content=\"noindex, follow, max-snippet:-1, max-image-preview:large, max-video-preview:-1\" \/>\n<meta property=\"og:locale\" content=\"es_ES\" \/>\n<meta property=\"og:type\" content=\"article\" \/>\n<meta property=\"og:title\" content=\"Observatorio OCABA - Cambionet\" \/>\n<meta property=\"og:description\" content=\"La creaci\u00f3n del observatorio OCABA naci\u00f3 de la ambici\u00f3n del proyecto CambioNet de dotar al espacio caribe\u00f1o\/amaz\u00f3nico de un instrumento [...]\" \/>\n<meta property=\"og:url\" content=\"https:\/\/cambionet.usts.fr\/es\/observatorio-ocaba\/\" \/>\n<meta property=\"og:site_name\" content=\"Cambionet\" \/>\n<meta property=\"article:modified_time\" content=\"2024-02-18T22:28:11+00:00\" \/>\n<meta property=\"og:image\" content=\"https:\/\/cambionet.usts.fr\/wp-content\/uploads\/2023\/11\/collecte-de-donnees.svg\" \/>\n<meta name=\"twitter:card\" content=\"summary_large_image\" \/>\n<meta name=\"twitter:label1\" content=\"Tiempo de lectura\" \/>\n\t<meta name=\"twitter:data1\" content=\"2 minutos\" \/>\n<script type=\"application\/ld+json\" class=\"yoast-schema-graph\">{\"@context\":\"https:\\\/\\\/schema.org\",\"@graph\":[{\"@type\":\"WebPage\",\"@id\":\"https:\\\/\\\/cambionet.usts.fr\\\/es\\\/observatorio-ocaba\\\/\",\"url\":\"https:\\\/\\\/cambionet.usts.fr\\\/es\\\/observatorio-ocaba\\\/\",\"name\":\"Observatorio OCABA - Cambionet\",\"isPartOf\":{\"@id\":\"https:\\\/\\\/cambionet.usts.fr\\\/es\\\/#website\"},\"primaryImageOfPage\":{\"@id\":\"https:\\\/\\\/cambionet.usts.fr\\\/es\\\/observatorio-ocaba\\\/#primaryimage\"},\"image\":{\"@id\":\"https:\\\/\\\/cambionet.usts.fr\\\/es\\\/observatorio-ocaba\\\/#primaryimage\"},\"thumbnailUrl\":\"https:\\\/\\\/cambionet.usts.fr\\\/wp-content\\\/uploads\\\/2023\\\/11\\\/collecte-de-donnees.svg\",\"datePublished\":\"2023-11-25T10:54:05+00:00\",\"dateModified\":\"2024-02-18T22:28:11+00:00\",\"description\":\"La creaci\u00f3n del observatorio OCABA naci\u00f3 de la ambici\u00f3n del proyecto CambioNet de dotar al espacio caribe\u00f1o\\\/amaz\u00f3nico de un instrumento [...]\",\"breadcrumb\":{\"@id\":\"https:\\\/\\\/cambionet.usts.fr\\\/es\\\/observatorio-ocaba\\\/#breadcrumb\"},\"inLanguage\":\"es\",\"potentialAction\":[{\"@type\":\"ReadAction\",\"target\":[\"https:\\\/\\\/cambionet.usts.fr\\\/es\\\/observatorio-ocaba\\\/\"]}]},{\"@type\":\"ImageObject\",\"inLanguage\":\"es\",\"@id\":\"https:\\\/\\\/cambionet.usts.fr\\\/es\\\/observatorio-ocaba\\\/#primaryimage\",\"url\":\"https:\\\/\\\/cambionet.usts.fr\\\/wp-content\\\/uploads\\\/2023\\\/11\\\/collecte-de-donnees.svg\",\"contentUrl\":\"https:\\\/\\\/cambionet.usts.fr\\\/wp-content\\\/uploads\\\/2023\\\/11\\\/collecte-de-donnees.svg\"},{\"@type\":\"BreadcrumbList\",\"@id\":\"https:\\\/\\\/cambionet.usts.fr\\\/es\\\/observatorio-ocaba\\\/#breadcrumb\",\"itemListElement\":[{\"@type\":\"ListItem\",\"position\":1,\"name\":\"Home\",\"item\":\"https:\\\/\\\/cambionet.usts.fr\\\/es\\\/paginal-principal-cambionet\\\/\"},{\"@type\":\"ListItem\",\"position\":2,\"name\":\"Observatorio OCABA\"}]},{\"@type\":\"WebSite\",\"@id\":\"https:\\\/\\\/cambionet.usts.fr\\\/es\\\/#website\",\"url\":\"https:\\\/\\\/cambionet.usts.fr\\\/es\\\/\",\"name\":\"Cambionet\",\"description\":\"\",\"publisher\":{\"@id\":\"https:\\\/\\\/cambionet.usts.fr\\\/es\\\/#organization\"},\"potentialAction\":[{\"@type\":\"SearchAction\",\"target\":{\"@type\":\"EntryPoint\",\"urlTemplate\":\"https:\\\/\\\/cambionet.usts.fr\\\/es\\\/?s={search_term_string}\"},\"query-input\":{\"@type\":\"PropertyValueSpecification\",\"valueRequired\":true,\"valueName\":\"search_term_string\"}}],\"inLanguage\":\"es\"},{\"@type\":\"Organization\",\"@id\":\"https:\\\/\\\/cambionet.usts.fr\\\/es\\\/#organization\",\"name\":\"Cambionet\",\"url\":\"https:\\\/\\\/cambionet.usts.fr\\\/es\\\/\",\"logo\":{\"@type\":\"ImageObject\",\"inLanguage\":\"es\",\"@id\":\"https:\\\/\\\/cambionet.usts.fr\\\/es\\\/#\\\/schema\\\/logo\\\/image\\\/\",\"url\":\"https:\\\/\\\/cambionet.usts.fr\\\/wp-content\\\/uploads\\\/2023\\\/10\\\/combi_aligne__fond_blanc_-removebg-preview.png\",\"contentUrl\":\"https:\\\/\\\/cambionet.usts.fr\\\/wp-content\\\/uploads\\\/2023\\\/10\\\/combi_aligne__fond_blanc_-removebg-preview.png\",\"width\":1043,\"height\":210,\"caption\":\"Cambionet\"},\"image\":{\"@id\":\"https:\\\/\\\/cambionet.usts.fr\\\/es\\\/#\\\/schema\\\/logo\\\/image\\\/\"}}]}<\/script>\n<!-- \/ Yoast SEO plugin. -->","yoast_head_json":{"title":"Observatorio OCABA - Cambionet","description":"La creaci\u00f3n del observatorio OCABA naci\u00f3 de la ambici\u00f3n del proyecto CambioNet de dotar al espacio caribe\u00f1o\/amaz\u00f3nico de un instrumento [...]","robots":{"index":"noindex","follow":"follow","max-snippet":"max-snippet:-1","max-image-preview":"max-image-preview:large","max-video-preview":"max-video-preview:-1"},"og_locale":"es_ES","og_type":"article","og_title":"Observatorio OCABA - Cambionet","og_description":"La creaci\u00f3n del observatorio OCABA naci\u00f3 de la ambici\u00f3n del proyecto CambioNet de dotar al espacio caribe\u00f1o\/amaz\u00f3nico de un instrumento [...]","og_url":"https:\/\/cambionet.usts.fr\/es\/observatorio-ocaba\/","og_site_name":"Cambionet","article_modified_time":"2024-02-18T22:28:11+00:00","og_image":[{"url":"https:\/\/cambionet.usts.fr\/wp-content\/uploads\/2023\/11\/collecte-de-donnees.svg","type":"","width":"","height":""}],"twitter_card":"summary_large_image","twitter_misc":{"Tiempo de lectura":"2 minutos"},"schema":{"@context":"https:\/\/schema.org","@graph":[{"@type":"WebPage","@id":"https:\/\/cambionet.usts.fr\/es\/observatorio-ocaba\/","url":"https:\/\/cambionet.usts.fr\/es\/observatorio-ocaba\/","name":"Observatorio OCABA - Cambionet","isPartOf":{"@id":"https:\/\/cambionet.usts.fr\/es\/#website"},"primaryImageOfPage":{"@id":"https:\/\/cambionet.usts.fr\/es\/observatorio-ocaba\/#primaryimage"},"image":{"@id":"https:\/\/cambionet.usts.fr\/es\/observatorio-ocaba\/#primaryimage"},"thumbnailUrl":"https:\/\/cambionet.usts.fr\/wp-content\/uploads\/2023\/11\/collecte-de-donnees.svg","datePublished":"2023-11-25T10:54:05+00:00","dateModified":"2024-02-18T22:28:11+00:00","description":"La creaci\u00f3n del observatorio OCABA naci\u00f3 de la ambici\u00f3n del proyecto CambioNet de dotar al espacio caribe\u00f1o\/amaz\u00f3nico de un instrumento [...]","breadcrumb":{"@id":"https:\/\/cambionet.usts.fr\/es\/observatorio-ocaba\/#breadcrumb"},"inLanguage":"es","potentialAction":[{"@type":"ReadAction","target":["https:\/\/cambionet.usts.fr\/es\/observatorio-ocaba\/"]}]},{"@type":"ImageObject","inLanguage":"es","@id":"https:\/\/cambionet.usts.fr\/es\/observatorio-ocaba\/#primaryimage","url":"https:\/\/cambionet.usts.fr\/wp-content\/uploads\/2023\/11\/collecte-de-donnees.svg","contentUrl":"https:\/\/cambionet.usts.fr\/wp-content\/uploads\/2023\/11\/collecte-de-donnees.svg"},{"@type":"BreadcrumbList","@id":"https:\/\/cambionet.usts.fr\/es\/observatorio-ocaba\/#breadcrumb","itemListElement":[{"@type":"ListItem","position":1,"name":"Home","item":"https:\/\/cambionet.usts.fr\/es\/paginal-principal-cambionet\/"},{"@type":"ListItem","position":2,"name":"Observatorio OCABA"}]},{"@type":"WebSite","@id":"https:\/\/cambionet.usts.fr\/es\/#website","url":"https:\/\/cambionet.usts.fr\/es\/","name":"Cambionet","description":"","publisher":{"@id":"https:\/\/cambionet.usts.fr\/es\/#organization"},"potentialAction":[{"@type":"SearchAction","target":{"@type":"EntryPoint","urlTemplate":"https:\/\/cambionet.usts.fr\/es\/?s={search_term_string}"},"query-input":{"@type":"PropertyValueSpecification","valueRequired":true,"valueName":"search_term_string"}}],"inLanguage":"es"},{"@type":"Organization","@id":"https:\/\/cambionet.usts.fr\/es\/#organization","name":"Cambionet","url":"https:\/\/cambionet.usts.fr\/es\/","logo":{"@type":"ImageObject","inLanguage":"es","@id":"https:\/\/cambionet.usts.fr\/es\/#\/schema\/logo\/image\/","url":"https:\/\/cambionet.usts.fr\/wp-content\/uploads\/2023\/10\/combi_aligne__fond_blanc_-removebg-preview.png","contentUrl":"https:\/\/cambionet.usts.fr\/wp-content\/uploads\/2023\/10\/combi_aligne__fond_blanc_-removebg-preview.png","width":1043,"height":210,"caption":"Cambionet"},"image":{"@id":"https:\/\/cambionet.usts.fr\/es\/#\/schema\/logo\/image\/"}}]}},"rttpg_featured_image_url":null,"rttpg_author":{"display_name":"Anais Ramalho","author_link":"https:\/\/cambionet.usts.fr\/es\/author\/anais-r\/"},"rttpg_comment":0,"rttpg_category":" <a href=\"https:\/\/cambionet.usts.fr\/es\/?taxonomy=translation_priority&#038;term=opcional\" rel=\"tag\">Opcional<\/a>","rttpg_excerpt":"Observatorio OCABA La creaci\u00f3n del observatorio OCABA naci\u00f3 de la ambici\u00f3n del proyecto CambioNet de dotar al espacio Caribe\/Amaz\u00f3nico de un instrumento de seguimiento e informaci\u00f3n sobre la bioeconom\u00eda. Pagina Principal &gt; Informaci\u00f3n y mediaci\u00f3n&gt; OCABA QU\u00c9 ES OCABA \u201cOBSERVATORIO DE BIOECONOM\u00cdA DEL CARIBE Y AMAZONASY AGRICULTURA \u201c? Si bien la agricultura biodiversa en peque\u00f1a&hellip;","_links":{"self":[{"href":"https:\/\/cambionet.usts.fr\/es\/wp-json\/wp\/v2\/pages\/4672","targetHints":{"allow":["GET"]}}],"collection":[{"href":"https:\/\/cambionet.usts.fr\/es\/wp-json\/wp\/v2\/pages"}],"about":[{"href":"https:\/\/cambionet.usts.fr\/es\/wp-json\/wp\/v2\/types\/page"}],"author":[{"embeddable":true,"href":"https:\/\/cambionet.usts.fr\/es\/wp-json\/wp\/v2\/users\/6"}],"replies":[{"embeddable":true,"href":"https:\/\/cambionet.usts.fr\/es\/wp-json\/wp\/v2\/comments?post=4672"}],"version-history":[{"count":1,"href":"https:\/\/cambionet.usts.fr\/es\/wp-json\/wp\/v2\/pages\/4672\/revisions"}],"predecessor-version":[{"id":4673,"href":"https:\/\/cambionet.usts.fr\/es\/wp-json\/wp\/v2\/pages\/4672\/revisions\/4673"}],"wp:attachment":[{"href":"https:\/\/cambionet.usts.fr\/es\/wp-json\/wp\/v2\/media?parent=4672"}],"curies":[{"name":"wp","href":"https:\/\/api.w.org\/{rel}","templated":true}]}}