{"id":4674,"date":"2023-11-27T15:27:46","date_gmt":"2023-11-27T15:27:46","guid":{"rendered":"https:\/\/cambionet.usts.fr\/notas-legales\/"},"modified":"2024-02-18T22:32:02","modified_gmt":"2024-02-18T22:32:02","slug":"notas-legales","status":"publish","type":"page","link":"https:\/\/cambionet.usts.fr\/es\/notas-legales\/","title":{"rendered":"Notas Legales"},"content":{"rendered":"\t\t<div data-elementor-type=\"wp-page\" data-elementor-id=\"4674\" class=\"elementor elementor-4674 elementor-2032\" data-elementor-post-type=\"page\">\n\t\t\t\t<div class=\"elementor-element elementor-element-20aa18b e-flex e-con-boxed e-con e-parent\" data-id=\"20aa18b\" data-element_type=\"container\" data-e-type=\"container\" data-settings=\"{&quot;background_background&quot;:&quot;classic&quot;}\">\n\t\t\t\t\t<div class=\"e-con-inner\">\n\t\t\t\t<div class=\"elementor-element elementor-element-6cc6f92 elementor-widget elementor-widget-heading\" data-id=\"6cc6f92\" data-element_type=\"widget\" data-e-type=\"widget\" data-widget_type=\"heading.default\">\n\t\t\t\t<div class=\"elementor-widget-container\">\n\t\t\t\t\t<h2 class=\"elementor-heading-title elementor-size-default\">Notas Legales<\/h2>\t\t\t\t<\/div>\n\t\t\t\t<\/div>\n\t\t\t\t\t<\/div>\n\t\t\t\t<\/div>\n\t\t<div class=\"elementor-element elementor-element-576b097 e-flex e-con-boxed e-con e-parent\" data-id=\"576b097\" data-element_type=\"container\" data-e-type=\"container\" data-settings=\"{&quot;background_background&quot;:&quot;classic&quot;}\">\n\t\t\t\t\t<div class=\"e-con-inner\">\n\t\t<div class=\"elementor-element elementor-element-13c2850 e-flex e-con-boxed e-con e-child\" data-id=\"13c2850\" data-element_type=\"container\" data-e-type=\"container\">\n\t\t\t\t\t<div class=\"e-con-inner\">\n\t\t\t\t<div class=\"elementor-element elementor-element-18b38c2 elementor-widget__width-initial elementor-widget-mobile__width-initial elementor-widget elementor-widget-text-editor\" data-id=\"18b38c2\" data-element_type=\"widget\" data-e-type=\"widget\" data-widget_type=\"text-editor.default\">\n\t\t\t\t<div class=\"elementor-widget-container\">\n\t\t\t\t\t\t\t\t\t<p><span style=\"color: #1c1c1c;\"><a style=\"color: #1c1c1c;\" href=\"https:\/\/cambionet.usts.fr\/es\/\">Pagina Principal<\/a> &gt; <span style=\"color: #009e3d;\">Notas legales<\/span><br \/><\/span><\/p>\n\t\t\t\t\t\t\t\t<\/div>\n\t\t\t\t<\/div>\n\t\t\t\t\t<\/div>\n\t\t\t\t<\/div>\n\t\t\t\t\t<\/div>\n\t\t\t\t<\/div>\n\t\t<div class=\"elementor-element elementor-element-f75f3cc e-flex e-con-boxed e-con e-parent\" data-id=\"f75f3cc\" data-element_type=\"container\" data-e-type=\"container\">\n\t\t\t\t\t<div class=\"e-con-inner\">\n\t\t\t\t<div class=\"elementor-element elementor-element-fb0ecda elementor-widget elementor-widget-text-editor\" data-id=\"fb0ecda\" data-element_type=\"widget\" data-e-type=\"widget\" data-widget_type=\"text-editor.default\">\n\t\t\t\t<div class=\"elementor-widget-container\">\n\t\t\t\t\t\t\t\t\t<h2><strong>Notas Legales<\/strong><\/h2>\n<p>De conformidad con lo dispuesto en los art\u00edculos 6-III y 19 de la Ley N\u00b0 2004-575, de 21 de junio de 2004, para la Confianza en la Econom\u00eda Digital, conocida como LCEN, se pone en conocimiento de los usuarios y visitantes, en adelante el \u201cUsuario \u201d del sitio cambionet.eu, en adelante el \u201cSitio\u201d, estos avisos legales.<\/p>\n<p>La conexi\u00f3n y navegaci\u00f3n en el sitio por parte del Usuario implica la aceptaci\u00f3n plena y sin reservas de estos avisos.<\/p>\n<h3>Art\u00edculo 1 &#8211; Publicaci\u00f3n<\/h3>\n<p>Nombre\/Raz\u00f3n social: Red de Bioeconom\u00eda del Caribe y la Amazonia &#8211; Organizaci\u00f3n No Gubernamental (ONG)<\/p>\n<p>Siret: actualmente en proceso de registro<\/p>\n<p>EPA: en curso<\/p>\n<p>Sede central: 21 Lotissement Esp\u00e9rance, Chemin de Routa, 97129 Lamentin, Guadalupe<\/p>\n<p>N\u00famero de tel\u00e9fono: +590 690 39 82 83<\/p>\n<p>Email : <a href=\"mailto:harry.ozier-lafontaine@inrae.fr\">harry.ozier-lafontaine@inrae.fr<\/a><\/p>\n<p>Sitio : https:\/\/www.cambionet.eu<\/p>\n<p>Directora de Publicaciones: Harry Ozier<br \/>Email: <a href=\"mailto:harry.ozier-lafontaine@inrae.fr\">harry.ozier-lafontaine@inrae.fr<\/a><\/p>\n<p>Para cualquier pregunta o queja sobre el sitio, comun\u00edquese con nosotros a la siguiente direcci\u00f3n: harry.ozier-lafontaine@inrae.fr o por correo postal a la direcci\u00f3n mencionada anteriormente.<\/p>\n<\/p>\n<h3>Art\u00edculo 2 &#8211; Alojamiento<\/h3>\n<p>El sitio cambionet.eu est\u00e1 alojado en:<br \/>1&amp;1 Ionos SARL<\/p>\n<p>Sede social: 14 all\u00e9e gabrielle, 93000 Bobigny<\/p>\n<p>Tel\u00e9fono: 09 70 80 89 11<\/p>\n<p>E-mail : <a href=\"mailto:support@ionos.fr\">support@ionos.fr<\/a><\/p>\n<\/p>\n<h3>Art\u00edculo 3 &#8211; Dise\u00f1o y desarrollo<\/h3>\n<p><strong>USTS<\/strong><br \/>Sede central: 1 rue Fulton, 75013 Par\u00eds<br \/>RCS : Paris 801 899 154<br \/>Email : <a href=\"mailto:contact@usts.fr\">contact@usts.fr<\/a><br \/>Tel\u00e9fono: 09 70 70 77 01<br \/><a href=\"https:\/\/usts.fr\">https:\/\/usts.fr<\/a><\/p>\n<\/p>\n<p>[\u00faltima actualizaci\u00f3n : 25\/11\/2023].<\/p>\n\t\t\t\t\t\t\t\t<\/div>\n\t\t\t\t<\/div>\n\t\t\t\t\t<\/div>\n\t\t\t\t<\/div>\n\t\t<div class=\"elementor-element elementor-element-5f1ef71 e-flex e-con-boxed e-con e-parent\" data-id=\"5f1ef71\" data-element_type=\"container\" data-e-type=\"container\">\n\t\t\t\t\t<div class=\"e-con-inner\">\n\t\t\t\t\t<\/div>\n\t\t\t\t<\/div>\n\t\t\t\t<\/div>\n\t\t","protected":false},"excerpt":{"rendered":"<p>Notas Legales Pagina Principal &gt; Notas legales Notas Legales De conformidad con lo dispuesto en los art\u00edculos 6-III y 19 de la Ley N\u00b0 2004-575, de 21 de junio de 2004, para la Confianza en la Econom\u00eda Digital, conocida como LCEN, se pone en conocimiento de los usuarios y visitantes, en adelante el \u201cUsuario \u201d [&hellip;]<\/p>\n","protected":false},"author":6,"featured_media":0,"parent":0,"menu_order":0,"comment_status":"closed","ping_status":"closed","template":"elementor_header_footer","meta":{"footnotes":""},"class_list":["post-4674","page","type-page","status-publish","hentry"],"yoast_head":"<!-- This site is optimized with the Yoast SEO plugin v27.5 - https:\/\/yoast.com\/product\/yoast-seo-wordpress\/ -->\n<title>Notas Legales - Cambionet<\/title>\n<meta name=\"description\" content=\"P\u00e1gina de avisos legales - Sitio CambioNet - Cambionet, por una bioeconom\u00eda regenerativo y simbi\u00f3tico [...]\" \/>\n<meta name=\"robots\" content=\"noindex, follow, max-snippet:-1, max-image-preview:large, max-video-preview:-1\" \/>\n<meta property=\"og:locale\" content=\"es_ES\" \/>\n<meta property=\"og:type\" content=\"article\" \/>\n<meta property=\"og:title\" content=\"Notas Legales - Cambionet\" \/>\n<meta property=\"og:description\" content=\"P\u00e1gina de avisos legales - Sitio CambioNet - Cambionet, por una bioeconom\u00eda regenerativo y simbi\u00f3tico [...]\" \/>\n<meta property=\"og:url\" content=\"https:\/\/cambionet.usts.fr\/es\/notas-legales\/\" \/>\n<meta property=\"og:site_name\" content=\"Cambionet\" \/>\n<meta property=\"article:modified_time\" content=\"2024-02-18T22:32:02+00:00\" \/>\n<meta name=\"twitter:card\" content=\"summary_large_image\" \/>\n<meta name=\"twitter:label1\" content=\"Tiempo de lectura\" \/>\n\t<meta name=\"twitter:data1\" content=\"1 minuto\" \/>\n<script type=\"application\/ld+json\" class=\"yoast-schema-graph\">{\"@context\":\"https:\\\/\\\/schema.org\",\"@graph\":[{\"@type\":\"WebPage\",\"@id\":\"https:\\\/\\\/cambionet.usts.fr\\\/es\\\/notas-legales\\\/\",\"url\":\"https:\\\/\\\/cambionet.usts.fr\\\/es\\\/notas-legales\\\/\",\"name\":\"Notas Legales - Cambionet\",\"isPartOf\":{\"@id\":\"https:\\\/\\\/cambionet.usts.fr\\\/es\\\/#website\"},\"datePublished\":\"2023-11-27T15:27:46+00:00\",\"dateModified\":\"2024-02-18T22:32:02+00:00\",\"description\":\"P\u00e1gina de avisos legales - Sitio CambioNet - Cambionet, por una bioeconom\u00eda regenerativo y simbi\u00f3tico [...]\",\"breadcrumb\":{\"@id\":\"https:\\\/\\\/cambionet.usts.fr\\\/es\\\/notas-legales\\\/#breadcrumb\"},\"inLanguage\":\"es\",\"potentialAction\":[{\"@type\":\"ReadAction\",\"target\":[\"https:\\\/\\\/cambionet.usts.fr\\\/es\\\/notas-legales\\\/\"]}]},{\"@type\":\"BreadcrumbList\",\"@id\":\"https:\\\/\\\/cambionet.usts.fr\\\/es\\\/notas-legales\\\/#breadcrumb\",\"itemListElement\":[{\"@type\":\"ListItem\",\"position\":1,\"name\":\"Home\",\"item\":\"https:\\\/\\\/cambionet.usts.fr\\\/es\\\/paginal-principal-cambionet\\\/\"},{\"@type\":\"ListItem\",\"position\":2,\"name\":\"Notas Legales\"}]},{\"@type\":\"WebSite\",\"@id\":\"https:\\\/\\\/cambionet.usts.fr\\\/es\\\/#website\",\"url\":\"https:\\\/\\\/cambionet.usts.fr\\\/es\\\/\",\"name\":\"Cambionet\",\"description\":\"\",\"publisher\":{\"@id\":\"https:\\\/\\\/cambionet.usts.fr\\\/es\\\/#organization\"},\"potentialAction\":[{\"@type\":\"SearchAction\",\"target\":{\"@type\":\"EntryPoint\",\"urlTemplate\":\"https:\\\/\\\/cambionet.usts.fr\\\/es\\\/?s={search_term_string}\"},\"query-input\":{\"@type\":\"PropertyValueSpecification\",\"valueRequired\":true,\"valueName\":\"search_term_string\"}}],\"inLanguage\":\"es\"},{\"@type\":\"Organization\",\"@id\":\"https:\\\/\\\/cambionet.usts.fr\\\/es\\\/#organization\",\"name\":\"Cambionet\",\"url\":\"https:\\\/\\\/cambionet.usts.fr\\\/es\\\/\",\"logo\":{\"@type\":\"ImageObject\",\"inLanguage\":\"es\",\"@id\":\"https:\\\/\\\/cambionet.usts.fr\\\/es\\\/#\\\/schema\\\/logo\\\/image\\\/\",\"url\":\"https:\\\/\\\/cambionet.usts.fr\\\/wp-content\\\/uploads\\\/2023\\\/10\\\/combi_aligne__fond_blanc_-removebg-preview.png\",\"contentUrl\":\"https:\\\/\\\/cambionet.usts.fr\\\/wp-content\\\/uploads\\\/2023\\\/10\\\/combi_aligne__fond_blanc_-removebg-preview.png\",\"width\":1043,\"height\":210,\"caption\":\"Cambionet\"},\"image\":{\"@id\":\"https:\\\/\\\/cambionet.usts.fr\\\/es\\\/#\\\/schema\\\/logo\\\/image\\\/\"}}]}<\/script>\n<!-- \/ Yoast SEO plugin. -->","yoast_head_json":{"title":"Notas Legales - Cambionet","description":"P\u00e1gina de avisos legales - Sitio CambioNet - Cambionet, por una bioeconom\u00eda regenerativo y simbi\u00f3tico [...]","robots":{"index":"noindex","follow":"follow","max-snippet":"max-snippet:-1","max-image-preview":"max-image-preview:large","max-video-preview":"max-video-preview:-1"},"og_locale":"es_ES","og_type":"article","og_title":"Notas Legales - Cambionet","og_description":"P\u00e1gina de avisos legales - Sitio CambioNet - Cambionet, por una bioeconom\u00eda regenerativo y simbi\u00f3tico [...]","og_url":"https:\/\/cambionet.usts.fr\/es\/notas-legales\/","og_site_name":"Cambionet","article_modified_time":"2024-02-18T22:32:02+00:00","twitter_card":"summary_large_image","twitter_misc":{"Tiempo de lectura":"1 minuto"},"schema":{"@context":"https:\/\/schema.org","@graph":[{"@type":"WebPage","@id":"https:\/\/cambionet.usts.fr\/es\/notas-legales\/","url":"https:\/\/cambionet.usts.fr\/es\/notas-legales\/","name":"Notas Legales - Cambionet","isPartOf":{"@id":"https:\/\/cambionet.usts.fr\/es\/#website"},"datePublished":"2023-11-27T15:27:46+00:00","dateModified":"2024-02-18T22:32:02+00:00","description":"P\u00e1gina de avisos legales - Sitio CambioNet - Cambionet, por una bioeconom\u00eda regenerativo y simbi\u00f3tico [...]","breadcrumb":{"@id":"https:\/\/cambionet.usts.fr\/es\/notas-legales\/#breadcrumb"},"inLanguage":"es","potentialAction":[{"@type":"ReadAction","target":["https:\/\/cambionet.usts.fr\/es\/notas-legales\/"]}]},{"@type":"BreadcrumbList","@id":"https:\/\/cambionet.usts.fr\/es\/notas-legales\/#breadcrumb","itemListElement":[{"@type":"ListItem","position":1,"name":"Home","item":"https:\/\/cambionet.usts.fr\/es\/paginal-principal-cambionet\/"},{"@type":"ListItem","position":2,"name":"Notas Legales"}]},{"@type":"WebSite","@id":"https:\/\/cambionet.usts.fr\/es\/#website","url":"https:\/\/cambionet.usts.fr\/es\/","name":"Cambionet","description":"","publisher":{"@id":"https:\/\/cambionet.usts.fr\/es\/#organization"},"potentialAction":[{"@type":"SearchAction","target":{"@type":"EntryPoint","urlTemplate":"https:\/\/cambionet.usts.fr\/es\/?s={search_term_string}"},"query-input":{"@type":"PropertyValueSpecification","valueRequired":true,"valueName":"search_term_string"}}],"inLanguage":"es"},{"@type":"Organization","@id":"https:\/\/cambionet.usts.fr\/es\/#organization","name":"Cambionet","url":"https:\/\/cambionet.usts.fr\/es\/","logo":{"@type":"ImageObject","inLanguage":"es","@id":"https:\/\/cambionet.usts.fr\/es\/#\/schema\/logo\/image\/","url":"https:\/\/cambionet.usts.fr\/wp-content\/uploads\/2023\/10\/combi_aligne__fond_blanc_-removebg-preview.png","contentUrl":"https:\/\/cambionet.usts.fr\/wp-content\/uploads\/2023\/10\/combi_aligne__fond_blanc_-removebg-preview.png","width":1043,"height":210,"caption":"Cambionet"},"image":{"@id":"https:\/\/cambionet.usts.fr\/es\/#\/schema\/logo\/image\/"}}]}},"rttpg_featured_image_url":null,"rttpg_author":{"display_name":"Anais Ramalho","author_link":"https:\/\/cambionet.usts.fr\/es\/author\/anais-r\/"},"rttpg_comment":0,"rttpg_category":" <a href=\"https:\/\/cambionet.usts.fr\/es\/?taxonomy=translation_priority&#038;term=opcional\" rel=\"tag\">Opcional<\/a>","rttpg_excerpt":"Notas Legales Pagina Principal &gt; Notas legales Notas Legales De conformidad con lo dispuesto en los art\u00edculos 6-III y 19 de la Ley N\u00b0 2004-575, de 21 de junio de 2004, para la Confianza en la Econom\u00eda Digital, conocida como LCEN, se pone en conocimiento de los usuarios y visitantes, en adelante el \u201cUsuario \u201d&hellip;","_links":{"self":[{"href":"https:\/\/cambionet.usts.fr\/es\/wp-json\/wp\/v2\/pages\/4674","targetHints":{"allow":["GET"]}}],"collection":[{"href":"https:\/\/cambionet.usts.fr\/es\/wp-json\/wp\/v2\/pages"}],"about":[{"href":"https:\/\/cambionet.usts.fr\/es\/wp-json\/wp\/v2\/types\/page"}],"author":[{"embeddable":true,"href":"https:\/\/cambionet.usts.fr\/es\/wp-json\/wp\/v2\/users\/6"}],"replies":[{"embeddable":true,"href":"https:\/\/cambionet.usts.fr\/es\/wp-json\/wp\/v2\/comments?post=4674"}],"version-history":[{"count":1,"href":"https:\/\/cambionet.usts.fr\/es\/wp-json\/wp\/v2\/pages\/4674\/revisions"}],"predecessor-version":[{"id":4675,"href":"https:\/\/cambionet.usts.fr\/es\/wp-json\/wp\/v2\/pages\/4674\/revisions\/4675"}],"wp:attachment":[{"href":"https:\/\/cambionet.usts.fr\/es\/wp-json\/wp\/v2\/media?parent=4674"}],"curies":[{"name":"wp","href":"https:\/\/api.w.org\/{rel}","templated":true}]}}